{"id":6815,"date":"2019-02-21T10:43:05","date_gmt":"2019-02-21T10:43:05","guid":{"rendered":"http:\/\/socgastro.org.br\/novo\/?page_id=6815"},"modified":"2022-10-21T13:40:23","modified_gmt":"2022-10-21T13:40:23","slug":"servicos-publicos-de-gastroenterologia","status":"publish","type":"page","link":"https:\/\/socgastro.org.br\/novo\/servicos-publicos-de-gastroenterologia\/","title":{"rendered":"Servi\u00e7os P\u00fablicos de Gastroenterologia"},"content":{"rendered":"\r\n<p>HOSPITAL UNIVERSIT\u00c1RIO CLEMENTINO FRAGA FILHO (HUCFF\/UFRJ)<\/p>\r\n<p>R. Prof. Rodolpho Paulo Rocco, 255 &#8211; Cidade Universit\u00e1ria da Universidade Federal do Rio de Janeiro, Rio de Janeiro<\/p>\r\n<p><iframe loading=\"lazy\" style=\"border: 0;\" src=\"https:\/\/www.google.com\/maps\/embed?pb=!1m14!1m8!1m3!1d14707.645171387245!2d-43.2374294!3d-22.8427712!3m2!1i1024!2i768!4f13.1!3m3!1m2!1s0x0%3A0xa662daec4d0fa036!2sHospital%20Universit%C3%A1rio%20Clementino%20Fraga%20Filho!5e0!3m2!1spt-PT!2sbr!4v1666359589846!5m2!1spt-PT!2sbr\" width=\"400\" height=\"200\" allowfullscreen=\"allowfullscreen\"><\/iframe><\/p>\r\n<p><a href=\"http:\/\/socgastro.org.br\/novo\/servicos-publicos-de-gastroenterologia\/hospital-universitario-antonio-pedro-huap-uff\/\">HOSPITAL UNIVERSIT\u00c1RIO ANT\u00d4NIO PEDRO (HUAP\/UFF)<\/a><\/p>\r\n\r\n\r\n\r\n<p>Av. Marqu\u00eas do Paran\u00e1, 303, Centro, Niter\u00f3i.<\/p>\r\n\r\n<p>&nbsp;<\/p>\r\n\r\n<p><iframe loading=\"lazy\" style=\"border: 0;\" src=\"https:\/\/www.google.com\/maps\/embed?pb=!1m14!1m8!1m3!1d14701.946918266394!2d-43.1120343!3d-22.8954115!3m2!1i1024!2i768!4f13.1!3m3!1m2!1s0x0%3A0xaa810de3a0455eac!2sHospital+Universit%C3%A1rio+Ant%C3%B4nio+Pedro!5e0!3m2!1spt-PT!2sbr!4v1550766247858\" width=\"400\" height=\"200\" frameborder=\"0\" allowfullscreen=\"allowfullscreen\"><span data-mce-type=\"bookmark\" style=\"display: inline-block; width: 0px; overflow: hidden; line-height: 0;\" class=\"mce_SELRES_end\">\ufeff<\/span><\/iframe><\/p>\r\n\r\n\r\n\r\n<p><a href=\"https:\/\/socgastro.org.br\/novo\/servicos-publicos-de-gastroenterologia\/hospital-federal-dos-servidores-do-estado-hfse\/\">HOSPITAL FEDERAL DOS SERVIDORES DO ESTADO (HFSE)<\/a><\/p>\r\n\r\n\r\n\r\n<p>Rua Sacadura Cabral, 178, Sa\u00fade, Rio de Janeiro.<\/p>\r\n\r\n\r\n\r\n<p><iframe loading=\"lazy\" style=\"border: 0;\" src=\"https:\/\/www.google.com\/maps\/embed?pb=!1m18!1m12!1m3!1d3675.4561113602435!2d-43.19042528540067!3d-22.896541643261013!2m3!1f0!2f0!3f0!3m2!1i1024!2i768!4f13.1!3m3!1m2!1s0x997f44424d367f%3A0xe83346ef073efe4c!2sHospital+Federal+dos+Servidores+do+Estado!5e0!3m2!1spt-PT!2sbr!4v1550766317737\" width=\"400\" height=\"200\" frameborder=\"0\" allowfullscreen=\"allowfullscreen\"><\/iframe><\/p>\r\n\r\n\r\n\r\n<p><a href=\"http:\/\/socgastro.org.br\/novo\/hospital-universitario-pedro-ernesto-hupe-uerj\/\">HOSPITAL UNIVERSIT\u00c1RIO PEDRO ERNESTO (HUPE\/UERJ)<\/a><\/p>\r\n\r\n\r\n\r\n<p>Boulevard 28 de Setembro, 77, Vila Isabel, Rio de Janeiro\u00a0.<\/p>\r\n\r\n\r\n\r\n<p><iframe loading=\"lazy\" style=\"border: 0;\" src=\"https:\/\/www.google.com\/maps\/embed?pb=!1m18!1m12!1m3!1d4370.2904621380085!2d-43.23904552220347!3d-22.91478777975463!2m3!1f0!2f0!3f0!3m2!1i1024!2i768!4f13.1!3m3!1m2!1s0x997e660ed19a49%3A0xab57e95e016ec788!2sPedro+Ernesto!5e0!3m2!1spt-PT!2sbr!4v1550766425523\" width=\"400\" height=\"200\" frameborder=\"0\" allowfullscreen=\"allowfullscreen\"><\/iframe><\/p>\r\n\r\n\r\n\r\n<p><a href=\"https:\/\/socgastro.org.br\/novo\/servicos-publicos-de-gastroenterologia\/hospital-federal-da-lagoa\/\" target=\"_blank\" rel=\"noopener\">HOSPITAL FEDERAL DA LAGOA (HFL)<\/a><\/p>\r\n\r\n\r\n\r\n<p>Rua Jardim Bot\u00e2nico, 501, Jardim Bot\u00e2nico, Rio de Janeiro.<\/p>\r\n\r\n\r\n\r\n<p><iframe loading=\"lazy\" style=\"border: 0;\" src=\"https:\/\/www.google.com\/maps\/embed?pb=!1m18!1m12!1m3!1d3673.6831039466047!2d-43.217502785399006!3d-22.96189504561167!2m3!1f0!2f0!3f0!3m2!1i1024!2i768!4f13.1!3m3!1m2!1s0x0%3A0x13a4ab58d4363cbd!2sHospital+Federal+da+Lagoa!5e0!3m2!1spt-PT!2sbr!4v1550766499057\" width=\"400\" height=\"200\" frameborder=\"0\" allowfullscreen=\"allowfullscreen\"><\/iframe><\/p>\r\n\r\n\r\n\r\n<p><strong>HOSPITAL FEDERAL DO ANDARA\u00cd\u00a0(HFA)<\/strong><\/p>\r\n\r\n\r\n\r\n<p>Rua Leopoldo, 280, Andara\u00ed, Rio de Janeiro.<\/p>\r\n\r\n\r\n\r\n<p><iframe loading=\"lazy\" style=\"border: 0;\" src=\"https:\/\/www.google.com\/maps\/embed?pb=!1m18!1m12!1m3!1d3674.617666662131!2d-43.25455568539989!3d-22.927468844372587!2m3!1f0!2f0!3f0!3m2!1i1024!2i768!4f13.1!3m3!1m2!1s0x997de2da87cc4b%3A0xd039adbfe33ef05e!2sHospital+Federal+do+Andara%C3%AD!5e0!3m2!1spt-PT!2sbr!4v1550766582265\" width=\"400\" height=\"200\" frameborder=\"0\" allowfullscreen=\"allowfullscreen\"><\/iframe><\/p>\r\n\r\n\r\n\r\n<p><a href=\"https:\/\/socgastro.org.br\/novo\/servicos-publicos-de-gastroenterologia\/hospital-universitario-gaffree-e-guinle-hugg-unirio\/\">HOSPITAL UNIVERSIT\u00c1RIO GAFFR\u00c9E E GUINLE (HUGG)<\/a><\/p>\r\n\r\n\r\n\r\n<p>Rua Mariz e Barros, 775, Maracan\u00e3, Rio de Janeiro.<\/p>\r\n\r\n\r\n\r\n<p><iframe loading=\"lazy\" style=\"border: 0;\" src=\"https:\/\/www.google.com\/maps\/embed?pb=!1m18!1m12!1m3!1d3674.9235159068135!2d-43.22301628540016!3d-22.916191743967072!2m3!1f0!2f0!3f0!3m2!1i1024!2i768!4f13.1!3m3!1m2!1s0x997eff83fdb2bf%3A0x94d0bd22b51d76b!2sGaffr%C3%A9e+e+Guinle!5e0!3m2!1spt-PT!2sbr!4v1550766675665\" width=\"400\" height=\"200\" frameborder=\"0\" allowfullscreen=\"allowfullscreen\"><\/iframe><\/p>\r\n\r\n\r\n\r\n<p><strong>HOSPITAL FEDERAL DE IPANEMA (HFI)<\/strong><\/p>\r\n\r\n\r\n\r\n<p>Rua Ant\u00f4nio Parreiras, 67, Ipanema, Rio de Janeiro.<\/p>\r\n\r\n\r\n\r\n<p><iframe loading=\"lazy\" style=\"border: 0;\" src=\"https:\/\/www.google.com\/maps\/embed?pb=!1m18!1m12!1m3!1d3673.083071458244!2d-43.198048885398435!3d-22.98397254640729!2m3!1f0!2f0!3f0!3m2!1i1024!2i768!4f13.1!3m3!1m2!1s0x9bd517b329d377%3A0x4fe28d1a852e2f6e!2sHospital+Federal+de+Ipanema!5e0!3m2!1spt-PT!2sbr!4v1550766886576\" width=\"400\" height=\"200\" frameborder=\"0\" allowfullscreen=\"allowfullscreen\"><\/iframe><\/p>\r\n\r\n\r\n\r\n<p><strong>HOSPITAL FEDERAL CARDOSO FONTES (HFCF)<\/strong><\/p>\r\n\r\n\r\n\r\n<p>Av. Menezes Cortes, 3245, Jacarepagu\u00e1, Rio de Janeiro.<\/p>\r\n\r\n\r\n\r\n<p><iframe loading=\"lazy\" style=\"border: 0;\" src=\"https:\/\/www.google.com\/maps\/embed?pb=!1m18!1m12!1m3!1d3674.6619292428522!2d-43.31849948539995!3d-22.925837144313803!2m3!1f0!2f0!3f0!3m2!1i1024!2i768!4f13.1!3m3!1m2!1s0x997d80dd1fcfc5%3A0xcfc122783df4bf7d!2sHospital+Federal+Cardoso+Fontes!5e0!3m2!1spt-PT!2sbr!4v1550766952185\" width=\"400\" height=\"200\" frameborder=\"0\" allowfullscreen=\"allowfullscreen\"><\/iframe><\/p>\r\n\r\n\r\n\r\n<p><strong>HOSPITAL GERAL DA SANTA CASA DA MISERIC\u00d3RDIA DO RIO DE JANEIRO<\/strong><\/p>\r\n<p>Rua Santa Luzia, 206, Centro, Rio de Janeiro<\/p>\r\n<p><iframe loading=\"lazy\" style=\"border: 0;\" src=\"https:\/\/www.google.com\/maps\/embed?pb=!1m14!1m8!1m3!1d7350.300030678754!2d-43.170827!3d-22.907837!3m2!1i1024!2i768!4f13.1!3m3!1m2!1s0x0%3A0x218fd46454ef9a99!2sSanta%20Casa%20de%20Miseric%C3%B3rdia%20do%20Rio%20de%20Janeiro!5e0!3m2!1spt-BR!2sbr!4v1616754469742!5m2!1spt-BR!2sbr\" width=\"400\" height=\"200\" allowfullscreen=\"allowfullscreen\"><\/iframe><\/p>\r\n<p><strong>HOSPITAL FEDERAL DE BONSUCESSO (HFB)<\/strong><\/p>\r\n\r\n\r\n\r\n<p>Av. Londres, 616, Bonsucesso, Rio de Janeiro.<\/p>\r\n\r\n\r\n\r\n<p><iframe loading=\"lazy\" style=\"border: 0;\" src=\"https:\/\/www.google.com\/maps\/embed?pb=!1m18!1m12!1m3!1d3676.248415260683!2d-43.25076828540142!3d-22.867280042210652!2m3!1f0!2f0!3f0!3m2!1i1024!2i768!4f13.1!3m3!1m2!1s0x997eabbda5e547%3A0xdff320b4db9af761!2sHospital+Federal+de+Bonsucesso!5e0!3m2!1spt-PT!2sbr!4v1550767018842\" width=\"400\" height=\"200\" frameborder=\"0\" allowfullscreen=\"allowfullscreen\"><\/iframe><\/p>\r\n","protected":false},"excerpt":{"rendered":"<p>HOSPITAL UNIVERSIT\u00c1RIO CLEMENTINO FRAGA FILHO (HUCFF\/UFRJ) R. Prof. Rodolpho Paulo Rocco, 255 &#8211; Cidade Universit\u00e1ria da Universidade Federal do Rio [&hellip;]<\/p>\n","protected":false},"author":1,"featured_media":0,"parent":0,"menu_order":0,"comment_status":"closed","ping_status":"closed","template":"","meta":{"footnotes":""},"class_list":["post-6815","page","type-page","status-publish","hentry"],"_links":{"self":[{"href":"https:\/\/socgastro.org.br\/novo\/wp-json\/wp\/v2\/pages\/6815","targetHints":{"allow":["GET"]}}],"collection":[{"href":"https:\/\/socgastro.org.br\/novo\/wp-json\/wp\/v2\/pages"}],"about":[{"href":"https:\/\/socgastro.org.br\/novo\/wp-json\/wp\/v2\/types\/page"}],"author":[{"embeddable":true,"href":"https:\/\/socgastro.org.br\/novo\/wp-json\/wp\/v2\/users\/1"}],"replies":[{"embeddable":true,"href":"https:\/\/socgastro.org.br\/novo\/wp-json\/wp\/v2\/comments?post=6815"}],"version-history":[{"count":11,"href":"https:\/\/socgastro.org.br\/novo\/wp-json\/wp\/v2\/pages\/6815\/revisions"}],"predecessor-version":[{"id":16180,"href":"https:\/\/socgastro.org.br\/novo\/wp-json\/wp\/v2\/pages\/6815\/revisions\/16180"}],"wp:attachment":[{"href":"https:\/\/socgastro.org.br\/novo\/wp-json\/wp\/v2\/media?parent=6815"}],"curies":[{"name":"wp","href":"https:\/\/api.w.org\/{rel}","templated":true}]}}