{"id":4426,"date":"2017-11-06T20:39:01","date_gmt":"2017-11-06T20:39:01","guid":{"rendered":"http:\/\/socgastro.org.br\/novo\/?page_id=4426"},"modified":"2025-03-12T09:03:56","modified_gmt":"2025-03-12T09:03:56","slug":"volta-redonda","status":"publish","type":"page","link":"https:\/\/socgastro.org.br\/novo\/associados\/volta-redonda\/","title":{"rendered":"Volta Redonda"},"content":{"rendered":"<p><strong>Dr. Marco Antonio Pires Guerrero<\/strong><\/p>\n<p>CRM: 52438447<\/p>\n<p>Telefones: (24) 3348-6835<\/p>\n<p>Endere\u00e7o: Rua 40, n\u00b0 14, Torre II, sala 1121, Vila Santa Cec\u00edlia, Volta Redonda (<a href=\"https:\/\/maps.google.com\/maps?ll=-22.51836,-44.103104&amp;z=9&amp;t=m&amp;hl=pt-BR&amp;gl=BR&amp;mapclient=embed&amp;q=Rua%2040%2C%2014%20-%20Vila%20Santa%20Cec%C3%ADlia%20Volta%20Redonda%20-%20RJ%2027259-420\" target=\"_blank\" rel=\"noopener\">saiba como chegar<\/a>).<\/p>\n<p><strong>Dr. Maurillo Antonio Bichara da Silveira<\/strong><\/p>\n<p>CRM: 5277340-9<\/p>\n<p>Telefone: (24) 3348-9509<\/p>\n<p>Endere\u00e7o: Rua Quarenta, Shopping 33, Torre 2, 14 &#8211; Salas 1401, 1402, 1403, Vila Santa Cec\u00edlia, Volta Redonda (<a href=\"https:\/\/goo.gl\/maps\/N5SAU53CUT8bKLoJ6\" target=\"_blank\" rel=\"noopener\">saiba como chegar<\/a>)<\/p>\n<p><strong>Dra. Myrna Salles de M. Maximo Jones<\/strong><\/p>\n<p>CRM: 52752908<\/p>\n<p>\u00c1reas de interesse: Doen\u00e7a Inflamat\u00f3ria Intestinal<\/p>\n<p>Telefone: (24) 3337-8262<\/p>\n<p>Endere\u00e7o: Rua 41, n\u00famero 392, sala 701,\u00a0Vila Santa Cec\u00edlia,\u00a0Volta Redonda (<a href=\"https:\/\/goo.gl\/maps\/8DjhyF7W7sWWgEi6A\" target=\"_blank\" rel=\"noopener\">saiba como chegar<\/a>)<\/p>\n<p><strong>Dr. Paulo C\u00e9sar Rios da Silveira<\/strong><\/p>\n<p>CRM: 52324054<\/p>\n<p>Telefones: (24) 3343-4535<\/p>\n<p>Endere\u00e7o: Rua 33, n\u00famero 117\u00a0 &#8211; 3\u00ba\u00a0 andar, Vila Santa Cec\u00edlia, Volta Redonda (<a href=\"https:\/\/maps.app.goo.gl\/TFF1smNxLrk4H3S1A\" target=\"_blank\" rel=\"noopener\">saiba como chegar<\/a>).<\/p>\n<p><strong>Dr. Raniery \u00c1vila de Oliveira<\/strong><\/p>\n<p>CRM: 52.74167-1<\/p>\n<p>\u00c1rea de interesse: Doen\u00e7as Inflamat\u00f3rias Intestinais<\/p>\n<p>Telefone: (24) 3340-7124<\/p>\n<p>Endere\u00e7o: Inova\u00e7\u00e3o Cl\u00ednicas Integradas &#8211; Rua 41, 117, Shopping 33, Torre 4, Vila Santa Cec\u00edlia, Volta Redonda (<a href=\"https:\/\/maps.google.com\/maps?ll=-22.542791,-44.070669&amp;z=16&amp;t=m&amp;hl=pt-BR&amp;gl=BR&amp;mapclient=embed&amp;q=R.%20Quarenta%20e%20Um%2C%20117%20-%20Vista%20Verde%20Volta%20Redonda%20-%20RJ%2027260-200\" target=\"_blank\" rel=\"noopener\">saiba como chegar<\/a>).<\/p>\n<p>Telefone: (24) 2102-0088<\/p>\n<p>Endere\u00e7o: Centro M\u00e9dico HCVR &#8211; Rua 41C, 361, Vila Santa Cec\u00edlia, Volta Redonda (<a href=\"https:\/\/maps.google.com\/maps?ll=-22.51779,-44.102075&amp;z=16&amp;t=m&amp;hl=pt-BR&amp;gl=BR&amp;mapclient=embed&amp;q=R.%2041-C%2C%20361%20-%20Vila%20Santa%20Cec%C3%ADlia%20Volta%20Redonda%20-%20RJ%2027261-240\" target=\"_blank\" rel=\"noopener\">saiba como chegar<\/a>).<\/p>\n<p><strong>Dr. Ronel Mascarenhas e Silva<\/strong><\/p>\n<p>CRM: 52.26516-2<\/p>\n<p>Telefone: (24) 3342-8444<\/p>\n<p>Endere\u00e7o: Rua 40, 20, sala 1009, Vila Santa Cec\u00edlia, Volta Redonda (<a href=\"https:\/\/maps.google.com\/maps?ll=-22.518715,-44.103802&amp;z=16&amp;t=m&amp;hl=pt-BR&amp;gl=BR&amp;mapclient=embed&amp;q=Rua%2040%2C%2020%20-%20Vila%20Santa%20Cec%C3%ADlia%20Volta%20Redonda%20-%20RJ%2027259-420\" target=\"_blank\" rel=\"noopener\">saiba como chegar<\/a>).<\/p>\n","protected":false},"excerpt":{"rendered":"<p>Dr. Marco Antonio Pires Guerrero CRM: 52438447 Telefones: (24) 3348-6835 Endere\u00e7o: Rua 40, n\u00b0 14, Torre II, sala 1121, Vila [&hellip;]<\/p>\n","protected":false},"author":1,"featured_media":0,"parent":3243,"menu_order":0,"comment_status":"closed","ping_status":"closed","template":"","meta":{"footnotes":""},"class_list":["post-4426","page","type-page","status-publish","hentry"],"_links":{"self":[{"href":"https:\/\/socgastro.org.br\/novo\/wp-json\/wp\/v2\/pages\/4426","targetHints":{"allow":["GET"]}}],"collection":[{"href":"https:\/\/socgastro.org.br\/novo\/wp-json\/wp\/v2\/pages"}],"about":[{"href":"https:\/\/socgastro.org.br\/novo\/wp-json\/wp\/v2\/types\/page"}],"author":[{"embeddable":true,"href":"https:\/\/socgastro.org.br\/novo\/wp-json\/wp\/v2\/users\/1"}],"replies":[{"embeddable":true,"href":"https:\/\/socgastro.org.br\/novo\/wp-json\/wp\/v2\/comments?post=4426"}],"version-history":[{"count":15,"href":"https:\/\/socgastro.org.br\/novo\/wp-json\/wp\/v2\/pages\/4426\/revisions"}],"predecessor-version":[{"id":17812,"href":"https:\/\/socgastro.org.br\/novo\/wp-json\/wp\/v2\/pages\/4426\/revisions\/17812"}],"up":[{"embeddable":true,"href":"https:\/\/socgastro.org.br\/novo\/wp-json\/wp\/v2\/pages\/3243"}],"wp:attachment":[{"href":"https:\/\/socgastro.org.br\/novo\/wp-json\/wp\/v2\/media?parent=4426"}],"curies":[{"name":"wp","href":"https:\/\/api.w.org\/{rel}","templated":true}]}}