{"id":4041,"date":"2017-09-04T14:30:36","date_gmt":"2017-09-04T14:30:36","guid":{"rendered":"http:\/\/socgastro.org.br\/novo\/?page_id=4041"},"modified":"2025-01-31T13:30:47","modified_gmt":"2025-01-31T13:30:47","slug":"nova-iguacu","status":"publish","type":"page","link":"https:\/\/socgastro.org.br\/novo\/associados\/nova-iguacu\/","title":{"rendered":"Nova Igua\u00e7u"},"content":{"rendered":"<p><strong>Dr. Fabiano Bastos Tavares<\/strong><\/p>\n<p>CRM: 5261.575-0<\/p>\n<p>Telefones: (21) 2767-1887<\/p>\n<p>Endere\u00e7o: Rua Dr. Paulo Fr\u00f3es Machado, 58, sala 506, Centro, Nova Igua\u00e7u (<a href=\"https:\/\/maps.google.com\/maps?ll=-22.761487,-43.451367&amp;z=16&amp;t=m&amp;hl=pt-BR&amp;gl=BR&amp;mapclient=embed&amp;q=R.%20Dr.%20Paulo%20Fr%C3%B3es%20Machado%20-%20Centro%20Nova%20Igua%C3%A7u%20-%20RJ%2026255-170\" target=\"_blank\" rel=\"noopener\">saiba como chegar<\/a>).<\/p>\n<p><strong>Dr. Joaquim Henrique Taranto Pereira<\/strong><\/p>\n<p>CRM: 52.38428-6<\/p>\n<p>Telefones: (21) 2768-7792 | 99976-3087<\/p>\n<p>Endere\u00e7o: Rua Bar\u00e3o de Tingu\u00e1, 379, sala 149, Centro, Nova Igua\u00e7u (<a href=\"https:\/\/maps.google.com\/maps?ll=-22.763506,-43.445375&amp;z=16&amp;t=m&amp;hl=pt-BR&amp;gl=BR&amp;mapclient=embed&amp;q=Rua%20Bar%C3%A3o%20de%20Tingu%C3%A1%2C%20379%20-%20Centro%20Nova%20Igua%C3%A7u%20-%20RJ%2026062-025\" target=\"_blank\" rel=\"noopener\">saiba como chegar<\/a>).<\/p>\n","protected":false},"excerpt":{"rendered":"<p>Dr. Fabiano Bastos Tavares CRM: 5261.575-0 Telefones: (21) 2767-1887 Endere\u00e7o: Rua Dr. Paulo Fr\u00f3es Machado, 58, sala 506, Centro, Nova [&hellip;]<\/p>\n","protected":false},"author":1,"featured_media":0,"parent":3243,"menu_order":0,"comment_status":"closed","ping_status":"closed","template":"","meta":{"footnotes":""},"class_list":["post-4041","page","type-page","status-publish","hentry"],"_links":{"self":[{"href":"https:\/\/socgastro.org.br\/novo\/wp-json\/wp\/v2\/pages\/4041","targetHints":{"allow":["GET"]}}],"collection":[{"href":"https:\/\/socgastro.org.br\/novo\/wp-json\/wp\/v2\/pages"}],"about":[{"href":"https:\/\/socgastro.org.br\/novo\/wp-json\/wp\/v2\/types\/page"}],"author":[{"embeddable":true,"href":"https:\/\/socgastro.org.br\/novo\/wp-json\/wp\/v2\/users\/1"}],"replies":[{"embeddable":true,"href":"https:\/\/socgastro.org.br\/novo\/wp-json\/wp\/v2\/comments?post=4041"}],"version-history":[{"count":8,"href":"https:\/\/socgastro.org.br\/novo\/wp-json\/wp\/v2\/pages\/4041\/revisions"}],"predecessor-version":[{"id":17735,"href":"https:\/\/socgastro.org.br\/novo\/wp-json\/wp\/v2\/pages\/4041\/revisions\/17735"}],"up":[{"embeddable":true,"href":"https:\/\/socgastro.org.br\/novo\/wp-json\/wp\/v2\/pages\/3243"}],"wp:attachment":[{"href":"https:\/\/socgastro.org.br\/novo\/wp-json\/wp\/v2\/media?parent=4041"}],"curies":[{"name":"wp","href":"https:\/\/api.w.org\/{rel}","templated":true}]}}