{"id":34,"date":"2016-01-22T11:25:38","date_gmt":"2016-01-22T11:25:38","guid":{"rendered":"http:\/\/socgastro.org.br\/novo\/?page_id=34"},"modified":"2023-02-01T12:48:01","modified_gmt":"2023-02-01T12:48:01","slug":"simposios-de-atualizacao-da-agrj","status":"publish","type":"page","link":"https:\/\/socgastro.org.br\/novo\/simposios-de-atualizacao-da-agrj\/","title":{"rendered":"Simp\u00f3sios de Atualiza\u00e7\u00e3o da AGRJ"},"content":{"rendered":"\r\n<p><strong>SIMP\u00d3SIOS REALIZADOS<\/strong><\/p>\r\n<p><a href=\"https:\/\/socgastro.org.br\/novo\/2022\/10\/veja-como-foi-o-simposio-de-atualizacao-da-agrj-em-volta-redonda\/\">outubro de 2022<\/a><\/p>\r\n\r\n\r\n\r\n<p><a href=\"http:\/\/socgastro.org.br\/novo\/2019\/04\/saiba-como-foi-o-i-simposio-de-atualizacao-da-agrj-em-2019\/\">abril de 2019<\/a><\/p>\r\n\r\n\r\n\r\n<p><a href=\"http:\/\/socgastro.org.br\/novo\/2018\/05\/saiba-como-foi-o-i-simposio-de-atualizacao-realizado-neste-sabado-no-cbc\/\">maio de 2018<\/a><\/p>\r\n\r\n\r\n\r\n<p><a href=\"http:\/\/socgastro.org.br\/novo\/2017\/10\/saiba-como-foi-o-iii-simposio-de-atualizacao-da-agrj-2\/\">outubro de 2017<\/a><\/p>\r\n\r\n\r\n\r\n<p><a href=\"http:\/\/socgastro.org.br\/novo\/2017\/07\/saiba-como-foi-o-ii-simposio-de-atualizacao-da-agrj-2\/\">julho de 2017<\/a><\/p>\r\n\r\n\r\n\r\n<p><a href=\"http:\/\/socgastro.org.br\/novo\/2017\/03\/150-pessoas-comparecem-ao-i-simposio-de-atualizacao-da-agrj-em-2017\/\">mar\u00e7o de 2017<\/a><\/p>\r\n\r\n\r\n\r\n<p><a href=\"http:\/\/socgastro.org.br\/novo\/2016\/11\/saiba-como-foi-o-iii-simposio-de-atualizacao-da-agrj\/\">novembro 2016<\/a><\/p>\r\n\r\n\r\n\r\n<p><a href=\"http:\/\/socgastro.org.br\/novo\/2016\/06\/saiba-como-foi-o-ii-simposio-de-atualizacao-da-agrj\/\">junho 2016<\/a><\/p>\r\n\r\n\r\n\r\n<p><a href=\"http:\/\/socgastro.org.br\/novo\/2016\/03\/setenta-pessoas-participam-do-simposio-de-atualizacao-da-agrj-ocorrido-neste-sabado\/\">mar\u00e7o 2016<\/a><\/p>\r\n","protected":false},"excerpt":{"rendered":"<p>SIMP\u00d3SIOS REALIZADOS outubro de 2022 abril de 2019 maio de 2018 outubro de 2017 julho de 2017 mar\u00e7o de 2017 [&hellip;]<\/p>\n","protected":false},"author":1,"featured_media":0,"parent":0,"menu_order":0,"comment_status":"closed","ping_status":"closed","template":"","meta":{"footnotes":""},"class_list":["post-34","page","type-page","status-publish","hentry"],"_links":{"self":[{"href":"https:\/\/socgastro.org.br\/novo\/wp-json\/wp\/v2\/pages\/34","targetHints":{"allow":["GET"]}}],"collection":[{"href":"https:\/\/socgastro.org.br\/novo\/wp-json\/wp\/v2\/pages"}],"about":[{"href":"https:\/\/socgastro.org.br\/novo\/wp-json\/wp\/v2\/types\/page"}],"author":[{"embeddable":true,"href":"https:\/\/socgastro.org.br\/novo\/wp-json\/wp\/v2\/users\/1"}],"replies":[{"embeddable":true,"href":"https:\/\/socgastro.org.br\/novo\/wp-json\/wp\/v2\/comments?post=34"}],"version-history":[{"count":25,"href":"https:\/\/socgastro.org.br\/novo\/wp-json\/wp\/v2\/pages\/34\/revisions"}],"predecessor-version":[{"id":16456,"href":"https:\/\/socgastro.org.br\/novo\/wp-json\/wp\/v2\/pages\/34\/revisions\/16456"}],"wp:attachment":[{"href":"https:\/\/socgastro.org.br\/novo\/wp-json\/wp\/v2\/media?parent=34"}],"curies":[{"name":"wp","href":"https:\/\/api.w.org\/{rel}","templated":true}]}}