{"id":3267,"date":"2017-08-01T17:09:13","date_gmt":"2017-08-01T17:09:13","guid":{"rendered":"http:\/\/socgastro.org.br\/novo\/?page_id=3267"},"modified":"2026-01-12T10:39:55","modified_gmt":"2026-01-12T10:39:55","slug":"ipanema","status":"publish","type":"page","link":"https:\/\/socgastro.org.br\/novo\/associados\/rio-de-janeiro\/ipanema\/","title":{"rendered":"Ipanema"},"content":{"rendered":"<p style=\"text-align: left;\"><strong>Dr.\u00a0Ant\u00f4nio Carlos da Silva Moraes<\/strong><\/p>\n<p>CRM: 5243606-9<\/p>\n<p>Telefone: (21) 2286-3312<\/p>\n<p>Endere\u00e7o: Rua Visconde de Piraj\u00e1, 407 sala 603, Ipanema, Rio de Janeiro (<a href=\"https:\/\/maps.google.com\/maps?ll=-22.984365,-43.207459&amp;z=16&amp;t=m&amp;hl=pt-BR&amp;gl=BR&amp;mapclient=embed&amp;q=R.%20Visc.%20de%20Piraj%C3%A1%2C%20407%20-%20Ipanema%20Rio%20de%20Janeiro%20-%20RJ%2022410-003\" target=\"_blank\" rel=\"noopener\">saiba como chegar<\/a>).<\/p>\n<p><strong>Dr. Cesar Augusto da Fonseca Lima Amorim<\/strong><\/p>\n<p>CRM: 52-779822<\/p>\n<p>Telefone: (21) 2286-3312<\/p>\n<p>Endere\u00e7o: Rua Visconde de Piraj\u00e1, 407 sala 603, Ipanema, Rio de Janeiro (<a href=\"https:\/\/maps.google.com\/maps?ll=-22.984365,-43.207459&amp;z=16&amp;t=m&amp;hl=pt-BR&amp;gl=BR&amp;mapclient=embed&amp;q=R.%20Visc.%20de%20Piraj%C3%A1%2C%20407%20-%20Ipanema%20Rio%20de%20Janeiro%20-%20RJ%2022410-003\" target=\"_blank\" rel=\"noopener\">saiba como chegar<\/a>).<\/p>\n<p><strong>Dra. Claudia Cozendey Parada<\/strong><\/p>\n<p>CRM:\u00a052.95919-7<\/p>\n<p>\u00c1reas de interesse: Gastroenterologia e endoscopia digestiva<\/p>\n<p>Telefone: (<span data-olk-copy-source=\"MessageBody\">21) 97253-9499<\/span><\/p>\n<p>Endere\u00e7o: <span data-olk-copy-source=\"MessageBody\">Rua Visconde de Piraj\u00e1, 303, 9\u00ba andar, Ipanema, Rio de Janeiro<\/span> (<a href=\"https:\/\/maps.app.goo.gl\/11wr2F8hfzLchDVr9\" target=\"_blank\" rel=\"noopener\">saiba como chegar<\/a>)<\/p>\n<p><strong>Dr. Gustavo Henrique Santos Pereira<\/strong><\/p>\n<p>\u00c1reas de Interesse: Doen\u00e7as do f\u00edgado, p\u00e2ncreas e vias biliares.<\/p>\n<p>CRM: 5269374-0<\/p>\n<p>Telefone: (21) 2239-9498 | 2259-6199<\/p>\n<p>Endere\u00e7o: Rua Visconde de Piraj\u00e1, 550, sala 809, Ipanema, Rio de Janeiro (<a href=\"https:\/\/maps.google.com\/maps?ll=-22.98371,-43.211762&amp;z=16&amp;t=m&amp;hl=pt-PT&amp;gl=BR&amp;mapclient=embed&amp;q=R.%20Visc.%20de%20Piraj%C3%A1%2C%20550%20-%20Ipanema%20Rio%20de%20Janeiro%20-%20RJ%2022410-002\" target=\"_blank\" rel=\"noopener\">saiba como chegar<\/a>).<\/p>\n<p><strong>Dr. Jo\u00e3o Marcello de Araujo Neto<\/strong><\/p>\n<p>CRM:\u00a052-80.773-7<\/p>\n<p>Telefone: (21)\u00a02267-5384<\/p>\n<p>Endere\u00e7o: Rua Visconde de Piraj\u00e1, 351 (edif\u00edcio Forum de Ipanema), sala 614, Ipanema, Rio de Janeiro (<a href=\"https:\/\/maps.google.com\/maps?ll=-22.984509,-43.205621&amp;z=16&amp;t=m&amp;hl=pt-PT&amp;gl=BR&amp;mapclient=embed&amp;q=R.%20Visc.%20de%20Piraj%C3%A1%2C%20351%20-%20Ipanema%20Rio%20de%20Janeiro%20-%20RJ%2022410-003\" target=\"_blank\" rel=\"noopener\">saiba como chegar<\/a>)<\/p>\n<p><strong>Dr\u00aa\u00a0Sueli Nascimento da Silveira<\/strong><\/p>\n<p>CRM: 52-364289<\/p>\n<p>Telefone: (21) 2512-0482<\/p>\n<p>Endere\u00e7o: Rua Garcia D\u00b4\u00c1vila, 64, sala 203, Ipanema, Rio de Janeiro (<a href=\"https:\/\/maps.google.com\/maps?ll=-22.984679,-43.209021&amp;z=16&amp;t=m&amp;hl=pt-BR&amp;gl=BR&amp;mapclient=embed&amp;q=Rua%20Garcia%20d%27Avila%2C%2064%20-%20Ipanema%20Rio%20de%20Janeiro%20-%20RJ%2022421-010\">saiba como chegar<\/a>).<\/p>\n","protected":false},"excerpt":{"rendered":"<p>Dr.\u00a0Ant\u00f4nio Carlos da Silva Moraes CRM: 5243606-9 Telefone: (21) 2286-3312 Endere\u00e7o: Rua Visconde de Piraj\u00e1, 407 sala 603, Ipanema, Rio [&hellip;]<\/p>\n","protected":false},"author":1,"featured_media":0,"parent":3252,"menu_order":0,"comment_status":"closed","ping_status":"closed","template":"","meta":{"footnotes":""},"class_list":["post-3267","page","type-page","status-publish","hentry"],"_links":{"self":[{"href":"https:\/\/socgastro.org.br\/novo\/wp-json\/wp\/v2\/pages\/3267","targetHints":{"allow":["GET"]}}],"collection":[{"href":"https:\/\/socgastro.org.br\/novo\/wp-json\/wp\/v2\/pages"}],"about":[{"href":"https:\/\/socgastro.org.br\/novo\/wp-json\/wp\/v2\/types\/page"}],"author":[{"embeddable":true,"href":"https:\/\/socgastro.org.br\/novo\/wp-json\/wp\/v2\/users\/1"}],"replies":[{"embeddable":true,"href":"https:\/\/socgastro.org.br\/novo\/wp-json\/wp\/v2\/comments?post=3267"}],"version-history":[{"count":19,"href":"https:\/\/socgastro.org.br\/novo\/wp-json\/wp\/v2\/pages\/3267\/revisions"}],"predecessor-version":[{"id":18363,"href":"https:\/\/socgastro.org.br\/novo\/wp-json\/wp\/v2\/pages\/3267\/revisions\/18363"}],"up":[{"embeddable":true,"href":"https:\/\/socgastro.org.br\/novo\/wp-json\/wp\/v2\/pages\/3252"}],"wp:attachment":[{"href":"https:\/\/socgastro.org.br\/novo\/wp-json\/wp\/v2\/media?parent=3267"}],"curies":[{"name":"wp","href":"https:\/\/api.w.org\/{rel}","templated":true}]}}