{"id":3260,"date":"2017-08-01T17:06:46","date_gmt":"2017-08-01T17:06:46","guid":{"rendered":"http:\/\/socgastro.org.br\/novo\/?page_id=3260"},"modified":"2022-09-21T10:11:40","modified_gmt":"2022-09-21T10:11:40","slug":"duque-de-caxias","status":"publish","type":"page","link":"https:\/\/socgastro.org.br\/novo\/associados\/duque-de-caxias\/","title":{"rendered":"Duque de Caxias"},"content":{"rendered":"<p><strong>Dra. Caroline Camargo<\/strong><\/p>\n<p>Gastroenterologia geral e Doen\u00e7a Inflamat\u00f3ria Intestinal<\/p>\n<p><strong>Dr\u00aa Patr\u00edcia Santos Gon\u00e7alves de Oliveira<\/strong><\/p>\n<p>CRM: 52.53942-4<\/p>\n<p>Telefones: (21)\u00a03842-0070 e 967343428<\/p>\n<p>Endere\u00e7o: Av. Marechal Deodoro, 557, sala 10.05o, Jardim Vinte e Cinco de Agosto, Duque de Caxias (<a href=\"https:\/\/maps.google.com\/maps?ll=-22.790916,-43.307148&amp;z=16&amp;t=m&amp;hl=pt-BR&amp;gl=BR&amp;mapclient=embed&amp;q=R.%20Mal.%20Deodoro%2C%20557%20-%20Jardim%20Vinte%20e%20Cinco%20de%20Agosto%20Duque%20de%20Caxias%20-%20RJ%2025011-060\" target=\"_blank\" rel=\"noopener\">saiba como chegar<\/a>).<\/p>\n<p><strong>Dr\u00aa Valeria Cristina Loureiro Salgado<\/strong><\/p>\n<p>Gastroenterologia cl\u00ednica e Doen\u00e7a inflamat\u00f3ria intestinal<\/p>\n<p>CRM: 5253705-2 | Telefones: (21) 3491-0535, 2771-9128 e 97384-8002<\/p>\n<p>Endere\u00e7o: Av. Brigadeiro Lima e Silva, 2035, torre I, sala 405\/406, 25 de Agosto, Duque de Caxias (<a href=\"https:\/\/maps.google.com\/maps?ll=-22.790559,-43.306771&amp;z=16&amp;t=m&amp;hl=pt-BR&amp;gl=BR&amp;mapclient=embed&amp;q=Av.%20Brg.%20Lima%20e%20Silva%2C%202035%20-%20Jardim%20Vinte%20e%20Cinco%20de%20Agosto%20Duque%20de%20Caxias%20-%20RJ%2025071-181\" target=\"_blank\" rel=\"noopener\">saiba como chegar<\/a>)<\/p>\n","protected":false},"excerpt":{"rendered":"<p>Dra. Caroline Camargo Gastroenterologia geral e Doen\u00e7a Inflamat\u00f3ria Intestinal Dr\u00aa Patr\u00edcia Santos Gon\u00e7alves de Oliveira CRM: 52.53942-4 Telefones: (21)\u00a03842-0070 e [&hellip;]<\/p>\n","protected":false},"author":1,"featured_media":0,"parent":3243,"menu_order":0,"comment_status":"closed","ping_status":"closed","template":"","meta":{"footnotes":""},"class_list":["post-3260","page","type-page","status-publish","hentry"],"_links":{"self":[{"href":"https:\/\/socgastro.org.br\/novo\/wp-json\/wp\/v2\/pages\/3260","targetHints":{"allow":["GET"]}}],"collection":[{"href":"https:\/\/socgastro.org.br\/novo\/wp-json\/wp\/v2\/pages"}],"about":[{"href":"https:\/\/socgastro.org.br\/novo\/wp-json\/wp\/v2\/types\/page"}],"author":[{"embeddable":true,"href":"https:\/\/socgastro.org.br\/novo\/wp-json\/wp\/v2\/users\/1"}],"replies":[{"embeddable":true,"href":"https:\/\/socgastro.org.br\/novo\/wp-json\/wp\/v2\/comments?post=3260"}],"version-history":[{"count":11,"href":"https:\/\/socgastro.org.br\/novo\/wp-json\/wp\/v2\/pages\/3260\/revisions"}],"predecessor-version":[{"id":15970,"href":"https:\/\/socgastro.org.br\/novo\/wp-json\/wp\/v2\/pages\/3260\/revisions\/15970"}],"up":[{"embeddable":true,"href":"https:\/\/socgastro.org.br\/novo\/wp-json\/wp\/v2\/pages\/3243"}],"wp:attachment":[{"href":"https:\/\/socgastro.org.br\/novo\/wp-json\/wp\/v2\/media?parent=3260"}],"curies":[{"name":"wp","href":"https:\/\/api.w.org\/{rel}","templated":true}]}}