{"id":3258,"date":"2017-08-01T17:05:33","date_gmt":"2017-08-01T17:05:33","guid":{"rendered":"http:\/\/socgastro.org.br\/novo\/?page_id=3258"},"modified":"2025-07-01T12:53:04","modified_gmt":"2025-07-01T12:53:04","slug":"barra-da-tijuca","status":"publish","type":"page","link":"https:\/\/socgastro.org.br\/novo\/associados\/rio-de-janeiro\/barra-da-tijuca\/","title":{"rendered":"Barra da Tijuca"},"content":{"rendered":"<p><strong>Dra. Adriana Rodrigues Ferraz<\/strong><\/p>\n<p>CRM: 52557209<\/p>\n<p>Telefones: (21) 3547-8975<\/p>\n<p>Endere\u00e7o: Avenida das Am\u00e9ricas, 4801, sala 222, Barra da Tijuca, Rio de Janeiro (<a href=\"https:\/\/goo.gl\/maps\/HQmGGSh19NmVoyvk7\" target=\"_blank\" rel=\"noopener\">saiba como chegar<\/a>)<\/p>\n<p><strong>Dra. Carolina Muniz Ferreira<\/strong><\/p>\n<p>CRM: 52637610<\/p>\n<p>Telefones: (21) 2430-9400<\/p>\n<p>Endere\u00e7o: Avenida das Am\u00e9ricas, 4666, 3\u00b0 andar, loja 302 A2, Barra da Tijuca, Rio de Janeiro (<a href=\"https:\/\/goo.gl\/maps\/RsJpjBE5qN5MANmEA\" target=\"_blank\" rel=\"noopener\">saiba como chegar<\/a>)<\/p>\n<p><strong>Dr.\u00a0Claudia Martins De Grossi Firman<\/strong><\/p>\n<p>CRM: 52.51232-0<\/p>\n<p>Telefone: (21) 3150-2534<\/p>\n<p>Endere\u00e7o: Av. das Am\u00e9ricas, 4.200, bloco 8 (Ed. G\u00e9n\u00e8ve), sala 215A, Barra da Tijuca, Rio de Janeiro (<a href=\"https:\/\/maps.google.com\/maps?ll=-22.99937,-43.353412&amp;z=16&amp;t=m&amp;hl=pt-BR&amp;gl=BR&amp;mapclient=embed&amp;q=Av.%20das%20Am%C3%A9ricas%2C%204200%20-%20Barra%20da%20Tijuca%20Rio%20de%20Janeiro%20-%20RJ%2022793-081\" target=\"_blank\" rel=\"noopener\">saiba como chegar<\/a>).<\/p>\n<p><strong>Dra. Juliana Baptista Piedade Barrocas<\/strong><\/p>\n<p>CRM: 52.95698-8<\/p>\n<p>Telefone: (21) 97739-3785<\/p>\n<p>\u00c1reas de interesse: Gastroenterologia e Hepatologia<\/p>\n<p>Endere\u00e7o: Avenida das Americas 3500, bloco 7, sala 223, Barra da Tijuca, Rio de Janeiro (<a href=\"https:\/\/maps.app.goo.gl\/weYYVXABNb4TdEut5\" target=\"_blank\" rel=\"noopener\">saiba como chegar<\/a>)<\/p>\n<p><strong>Dra. Louise Deluiz Verdolin Di Palma<\/strong><\/p>\n<p>CRM: 52.90806-1<\/p>\n<p>Telefone: (21) 98454-6839<\/p>\n<p>\u00c1reas de interesse: Gastroenterologia<\/p>\n<p>Endere\u00e7o: Avenida Jorge Curi, n\u00b0550- Bloco A, sala 258, Barra da Tijuca, Rio de Janeiro (<a href=\"https:\/\/maps.app.goo.gl\/zy8rYPGr2jMyNGJu6\" target=\"_blank\" rel=\"noopener\">saiba como chegar<\/a>)<\/p>\n<p><strong>Dr\u00aa Renata de S\u00e1 Brito Fr\u00f3es<\/strong><\/p>\n<p>CRM: 52.75805-1<\/p>\n<p>Telefones: (21) 3592-7675 e 3592-7674<\/p>\n<p>Endere\u00e7o: Avenida das Am\u00e9ricas, 500, bloco 4, salas 207 e 208, Shopping Downtown, Barra da Tijuca, Rio de Janeiro (<a href=\"https:\/\/maps.google.com\/maps?ll=-23.003691,-43.31778&amp;z=16&amp;t=m&amp;hl=pt-BR&amp;gl=BR&amp;mapclient=embed&amp;q=Av.%20das%20Am%C3%A9ricas%2C%20500%20-%20Barra%20da%20Tijuca%20Rio%20de%20Janeiro%20-%20RJ%2022640-100\" target=\"_blank\" rel=\"noopener\">saiba como chegar<\/a>)<\/p>\n","protected":false},"excerpt":{"rendered":"<p>Dra. Adriana Rodrigues Ferraz CRM: 52557209 Telefones: (21) 3547-8975 Endere\u00e7o: Avenida das Am\u00e9ricas, 4801, sala 222, Barra da Tijuca, Rio [&hellip;]<\/p>\n","protected":false},"author":1,"featured_media":0,"parent":3252,"menu_order":0,"comment_status":"closed","ping_status":"closed","template":"","meta":{"footnotes":""},"class_list":["post-3258","page","type-page","status-publish","hentry"],"_links":{"self":[{"href":"https:\/\/socgastro.org.br\/novo\/wp-json\/wp\/v2\/pages\/3258","targetHints":{"allow":["GET"]}}],"collection":[{"href":"https:\/\/socgastro.org.br\/novo\/wp-json\/wp\/v2\/pages"}],"about":[{"href":"https:\/\/socgastro.org.br\/novo\/wp-json\/wp\/v2\/types\/page"}],"author":[{"embeddable":true,"href":"https:\/\/socgastro.org.br\/novo\/wp-json\/wp\/v2\/users\/1"}],"replies":[{"embeddable":true,"href":"https:\/\/socgastro.org.br\/novo\/wp-json\/wp\/v2\/comments?post=3258"}],"version-history":[{"count":12,"href":"https:\/\/socgastro.org.br\/novo\/wp-json\/wp\/v2\/pages\/3258\/revisions"}],"predecessor-version":[{"id":18203,"href":"https:\/\/socgastro.org.br\/novo\/wp-json\/wp\/v2\/pages\/3258\/revisions\/18203"}],"up":[{"embeddable":true,"href":"https:\/\/socgastro.org.br\/novo\/wp-json\/wp\/v2\/pages\/3252"}],"wp:attachment":[{"href":"https:\/\/socgastro.org.br\/novo\/wp-json\/wp\/v2\/media?parent=3258"}],"curies":[{"name":"wp","href":"https:\/\/api.w.org\/{rel}","templated":true}]}}