{"id":3243,"date":"2017-08-01T16:36:35","date_gmt":"2017-08-01T16:36:35","guid":{"rendered":"http:\/\/socgastro.org.br\/novo\/?page_id=3243"},"modified":"2023-08-04T19:48:33","modified_gmt":"2023-08-04T19:48:33","slug":"associados","status":"publish","type":"page","link":"https:\/\/socgastro.org.br\/novo\/associados\/","title":{"rendered":"Associados"},"content":{"rendered":"<p style=\"text-align: left;\"><strong>por nome<\/strong><\/p>\n<p style=\"text-align: center;\"><a href=\"http:\/\/socgastro.org.br\/novo\/ache-seu-gastroenterologista\/por-nome\/\"><img loading=\"lazy\" decoding=\"async\" class=\"aligncenter size-full wp-image-3250\" src=\"http:\/\/socgastro.org.br\/novo\/wp-content\/uploads\/2017\/08\/achecp_nome.jpg\" alt=\"\" width=\"500\" height=\"217\" srcset=\"https:\/\/socgastro.org.br\/novo\/wp-content\/uploads\/2017\/08\/achecp_nome.jpg 500w, https:\/\/socgastro.org.br\/novo\/wp-content\/uploads\/2017\/08\/achecp_nome-300x130.jpg 300w\" sizes=\"auto, (max-width: 500px) 100vw, 500px\" \/><\/a><\/p>\n<p style=\"text-align: left;\"><strong>por localidade<\/strong><\/p>\n<ul>\n<li><a href=\"https:\/\/socgastro.org.br\/novo\/ache-seu-gastroenterologista\/rio-de-janeiro\/\">Rio de Janeiro<\/a><\/li>\n<li><a href=\"https:\/\/socgastro.org.br\/novo\/ache-seu-gastroenterologista\/angra-dos-reis\/\">Angra dos Reis<\/a><\/li>\n<li><a href=\"https:\/\/socgastro.org.br\/novo\/ache-seu-gastroenterologista\/duque-de-caxias\/\">Duque de Caxias<\/a><\/li>\n<li><a href=\"https:\/\/socgastro.org.br\/novo\/ache-seu-gastroenterologista\/niteroi\/\">Niter\u00f3i<\/a><\/li>\n<li><a href=\"https:\/\/socgastro.org.br\/novo\/ache-seu-gastroenterologista\/nova-friburgo\/\">Nova Friburgo<\/a><\/li>\n<li><a href=\"https:\/\/socgastro.org.br\/novo\/ache-seu-gastroenterologista\/nova-iguacu\/\">Nova Igua\u00e7u<\/a><\/li>\n<li><a href=\"https:\/\/socgastro.org.br\/novo\/associados\/petropolis\/\">Petr\u00f3polis<\/a><\/li>\n<li><a href=\"https:\/\/socgastro.org.br\/novo\/ache-seu-gastroenterologista\/volta-redonda\/\">Volta Redonda<\/a><\/li>\n<\/ul>\n","protected":false},"excerpt":{"rendered":"<p>por nome por localidade Rio de Janeiro Angra dos Reis Duque de Caxias Niter\u00f3i Nova Friburgo Nova Igua\u00e7u Petr\u00f3polis Volta [&hellip;]<\/p>\n","protected":false},"author":1,"featured_media":0,"parent":0,"menu_order":0,"comment_status":"closed","ping_status":"closed","template":"","meta":{"footnotes":""},"class_list":["post-3243","page","type-page","status-publish","hentry"],"_links":{"self":[{"href":"https:\/\/socgastro.org.br\/novo\/wp-json\/wp\/v2\/pages\/3243","targetHints":{"allow":["GET"]}}],"collection":[{"href":"https:\/\/socgastro.org.br\/novo\/wp-json\/wp\/v2\/pages"}],"about":[{"href":"https:\/\/socgastro.org.br\/novo\/wp-json\/wp\/v2\/types\/page"}],"author":[{"embeddable":true,"href":"https:\/\/socgastro.org.br\/novo\/wp-json\/wp\/v2\/users\/1"}],"replies":[{"embeddable":true,"href":"https:\/\/socgastro.org.br\/novo\/wp-json\/wp\/v2\/comments?post=3243"}],"version-history":[{"count":15,"href":"https:\/\/socgastro.org.br\/novo\/wp-json\/wp\/v2\/pages\/3243\/revisions"}],"predecessor-version":[{"id":17010,"href":"https:\/\/socgastro.org.br\/novo\/wp-json\/wp\/v2\/pages\/3243\/revisions\/17010"}],"wp:attachment":[{"href":"https:\/\/socgastro.org.br\/novo\/wp-json\/wp\/v2\/media?parent=3243"}],"curies":[{"name":"wp","href":"https:\/\/api.w.org\/{rel}","templated":true}]}}