{"id":3146,"date":"2017-07-18T17:44:33","date_gmt":"2017-07-18T17:44:33","guid":{"rendered":"http:\/\/socgastro.org.br\/novo\/?page_id=3146"},"modified":"2021-11-30T16:59:21","modified_gmt":"2021-11-30T16:59:21","slug":"cadastro_consultorio","status":"publish","type":"page","link":"https:\/\/socgastro.org.br\/novo\/cadastro_consultorio\/","title":{"rendered":"Cadastro de consult\u00f3rio"},"content":{"rendered":"<p>O associados quites da AGRJ contam com mais uma ferramenta no site da entidade. Agora, seus consult\u00f3rios podem ficar dispon\u00edveis para os usu\u00e1rios que acessam nosso site em busca de informa\u00e7\u00f5es sobre gastroenterologistas do Rio de Janeiro.<\/p>\n<p>Quem tiver interesse, basta preencher e enviar o formul\u00e1rio abaixo:<\/p>\n\n<div class=\"wpcf7 no-js\" id=\"wpcf7-f3144-o1\" lang=\"pt-BR\" dir=\"ltr\" data-wpcf7-id=\"3144\">\n<div class=\"screen-reader-response\"><p role=\"status\" aria-live=\"polite\" aria-atomic=\"true\"><\/p> <ul><\/ul><\/div>\n<form action=\"\/novo\/wp-json\/wp\/v2\/pages\/3146#wpcf7-f3144-o1\" method=\"post\" class=\"wpcf7-form init\" aria-label=\"Formul\u00e1rios de contato\" novalidate=\"novalidate\" data-status=\"init\">\n<fieldset class=\"hidden-fields-container\"><input type=\"hidden\" name=\"_wpcf7\" value=\"3144\" \/><input type=\"hidden\" name=\"_wpcf7_version\" value=\"6.1.5\" \/><input type=\"hidden\" name=\"_wpcf7_locale\" value=\"pt_BR\" \/><input type=\"hidden\" name=\"_wpcf7_unit_tag\" value=\"wpcf7-f3144-o1\" \/><input type=\"hidden\" name=\"_wpcf7_container_post\" value=\"0\" \/><input type=\"hidden\" name=\"_wpcf7_posted_data_hash\" value=\"\" \/>\n<\/fieldset>\n<p>Nome completo\n<\/p>\n<p><span class=\"wpcf7-form-control-wrap\" data-name=\"your-name\"><input size=\"40\" maxlength=\"400\" class=\"wpcf7-form-control wpcf7-text wpcf7-validates-as-required\" aria-required=\"true\" aria-invalid=\"false\" value=\"\" type=\"text\" name=\"your-name\" \/><\/span>\n<\/p>\n<p>CRM\n<\/p>\n<p><span class=\"wpcf7-form-control-wrap\" data-name=\"crm\"><input size=\"40\" maxlength=\"400\" class=\"wpcf7-form-control wpcf7-text wpcf7-validates-as-required\" aria-required=\"true\" aria-invalid=\"false\" value=\"\" type=\"text\" name=\"crm\" \/><\/span>\n<\/p>\n<p>\u00c1reas de interesse\n<\/p>\n<p><span class=\"wpcf7-form-control-wrap\" data-name=\"areas_interesse\"><input size=\"40\" maxlength=\"400\" class=\"wpcf7-form-control wpcf7-text wpcf7-validates-as-required\" aria-required=\"true\" aria-invalid=\"false\" value=\"\" type=\"text\" name=\"areas_interesse\" \/><\/span>\n<\/p>\n<p> CEP<br \/>\n<span class=\"wpcf7-form-control-wrap\" data-name=\"cep\"><input size=\"40\" maxlength=\"400\" class=\"wpcf7-form-control wpcf7-text wpcf7-validates-as-required cf7-cep-autofill\" aria-required=\"true\" aria-invalid=\"false\" value=\"\" type=\"text\" name=\"cep\" \/><\/span>\n<\/p>\n<p> Endere\u00e7o<br \/>\n<span class=\"wpcf7-form-control-wrap\" data-name=\"logradouro\"><input size=\"40\" maxlength=\"400\" class=\"wpcf7-form-control wpcf7-text wpcf7-validates-as-required cf7-cep-autofill__rua\" aria-required=\"true\" aria-invalid=\"false\" value=\"\" type=\"text\" name=\"logradouro\" \/><\/span>\n<\/p>\n<p> Bairro<br \/>\n<span class=\"wpcf7-form-control-wrap\" data-name=\"bairro\"><input size=\"40\" maxlength=\"400\" class=\"wpcf7-form-control wpcf7-text wpcf7-validates-as-required cf7-cep-autofill__bairro\" aria-required=\"true\" aria-invalid=\"false\" value=\"\" type=\"text\" name=\"bairro\" \/><\/span>\n<\/p>\n<p> Cidade<br \/>\n<span class=\"wpcf7-form-control-wrap\" data-name=\"cidade\"><input size=\"40\" maxlength=\"400\" class=\"wpcf7-form-control wpcf7-text wpcf7-validates-as-required cf7-cep-autofill__cidade\" aria-required=\"true\" aria-invalid=\"false\" value=\"\" type=\"text\" name=\"cidade\" \/><\/span>\n<\/p>\n<p> Estado<br \/>\n<span class=\"wpcf7-form-control-wrap\" data-name=\"estado\"><input size=\"40\" maxlength=\"400\" class=\"wpcf7-form-control wpcf7-text wpcf7-validates-as-required cf7-cep-autofill__uf\" aria-required=\"true\" aria-invalid=\"false\" value=\"\" type=\"text\" name=\"estado\" \/><\/span>\n<\/p>\n<p>Telefone\n<\/p>\n<p><span class=\"wpcf7-form-control-wrap\" data-name=\"tel\"><input size=\"40\" maxlength=\"400\" class=\"wpcf7-form-control wpcf7-tel wpcf7-validates-as-required wpcf7-text wpcf7-validates-as-tel\" aria-required=\"true\" aria-invalid=\"false\" value=\"\" type=\"tel\" name=\"tel\" \/><\/span>\n<\/p>\n<p><b>Se possuir mais de um local de atendimento, preencha os dados a seguir. Caso contr\u00e1rio, v\u00e1 at\u00e9 o final da p\u00e1gina e clique em \"Enviar\" <\/b>\n<\/p>\n<p>Endere\u00e7o do consult\u00f3rio 2\n<\/p>\n<p><span class=\"wpcf7-form-control-wrap\" data-name=\"endereco2\"><input size=\"40\" maxlength=\"400\" class=\"wpcf7-form-control wpcf7-text\" aria-invalid=\"false\" value=\"\" type=\"text\" name=\"endereco2\" \/><\/span>\n<\/p>\n<p>Bairro\n<\/p>\n<p><span class=\"wpcf7-form-control-wrap\" data-name=\"bairro2\"><input size=\"40\" maxlength=\"400\" class=\"wpcf7-form-control wpcf7-text\" aria-invalid=\"false\" value=\"\" type=\"text\" name=\"bairro2\" \/><\/span>\n<\/p>\n<p>Cidade\n<\/p>\n<p><span class=\"wpcf7-form-control-wrap\" data-name=\"cidade2\"><input size=\"40\" maxlength=\"400\" class=\"wpcf7-form-control wpcf7-text\" aria-invalid=\"false\" value=\"\" type=\"text\" name=\"cidade2\" \/><\/span>\n<\/p>\n<p>CEP\n<\/p>\n<p><span class=\"wpcf7-form-control-wrap\" data-name=\"cep2\"><input size=\"40\" maxlength=\"400\" class=\"wpcf7-form-control wpcf7-text\" aria-invalid=\"false\" value=\"\" type=\"text\" name=\"cep2\" \/><\/span>\n<\/p>\n<p>Telefone\n<\/p>\n<p><span class=\"wpcf7-form-control-wrap\" data-name=\"tel2\"><input size=\"40\" maxlength=\"400\" class=\"wpcf7-form-control wpcf7-tel wpcf7-text wpcf7-validates-as-tel\" aria-invalid=\"false\" value=\"\" type=\"tel\" name=\"tel2\" \/><\/span>\n<\/p>\n<p>Endere\u00e7o do consult\u00f3rio 3\n<\/p>\n<p><span class=\"wpcf7-form-control-wrap\" data-name=\"endereco3\"><input size=\"40\" maxlength=\"400\" class=\"wpcf7-form-control wpcf7-text\" aria-invalid=\"false\" value=\"\" type=\"text\" name=\"endereco3\" \/><\/span>\n<\/p>\n<p>Bairro\n<\/p>\n<p><span class=\"wpcf7-form-control-wrap\" data-name=\"bairro3\"><input size=\"40\" maxlength=\"400\" class=\"wpcf7-form-control wpcf7-text\" aria-invalid=\"false\" value=\"\" type=\"text\" name=\"bairro3\" \/><\/span>\n<\/p>\n<p>Cidade\n<\/p>\n<p><span class=\"wpcf7-form-control-wrap\" data-name=\"cidade3\"><input size=\"40\" maxlength=\"400\" class=\"wpcf7-form-control wpcf7-text\" aria-invalid=\"false\" value=\"\" type=\"text\" name=\"cidade3\" \/><\/span>\n<\/p>\n<p>CEP\n<\/p>\n<p><span class=\"wpcf7-form-control-wrap\" data-name=\"cep3\"><input size=\"40\" maxlength=\"400\" class=\"wpcf7-form-control wpcf7-text\" aria-invalid=\"false\" value=\"\" type=\"text\" name=\"cep3\" \/><\/span>\n<\/p>\n<p>Telefone\n<\/p>\n<p><span class=\"wpcf7-form-control-wrap\" data-name=\"tel3\"><input size=\"40\" maxlength=\"400\" class=\"wpcf7-form-control wpcf7-tel wpcf7-text wpcf7-validates-as-tel\" aria-invalid=\"false\" value=\"\" type=\"tel\" name=\"tel3\" \/><\/span>\n<\/p>\n<p>[recaptcha]\n<\/p>\n<p><input class=\"wpcf7-form-control wpcf7-submit has-spinner\" type=\"submit\" value=\"Enviar\" \/>\n<\/p><div class=\"wpcf7-response-output\" aria-hidden=\"true\"><\/div>\n<\/form>\n<\/div>\n\n","protected":false},"excerpt":{"rendered":"<p>O associados quites da AGRJ contam com mais uma ferramenta no site da entidade. Agora, seus consult\u00f3rios podem ficar dispon\u00edveis [&hellip;]<\/p>\n","protected":false},"author":1,"featured_media":0,"parent":0,"menu_order":0,"comment_status":"closed","ping_status":"closed","template":"","meta":{"footnotes":""},"class_list":["post-3146","page","type-page","status-publish","hentry"],"_links":{"self":[{"href":"https:\/\/socgastro.org.br\/novo\/wp-json\/wp\/v2\/pages\/3146","targetHints":{"allow":["GET"]}}],"collection":[{"href":"https:\/\/socgastro.org.br\/novo\/wp-json\/wp\/v2\/pages"}],"about":[{"href":"https:\/\/socgastro.org.br\/novo\/wp-json\/wp\/v2\/types\/page"}],"author":[{"embeddable":true,"href":"https:\/\/socgastro.org.br\/novo\/wp-json\/wp\/v2\/users\/1"}],"replies":[{"embeddable":true,"href":"https:\/\/socgastro.org.br\/novo\/wp-json\/wp\/v2\/comments?post=3146"}],"version-history":[{"count":4,"href":"https:\/\/socgastro.org.br\/novo\/wp-json\/wp\/v2\/pages\/3146\/revisions"}],"predecessor-version":[{"id":13712,"href":"https:\/\/socgastro.org.br\/novo\/wp-json\/wp\/v2\/pages\/3146\/revisions\/13712"}],"wp:attachment":[{"href":"https:\/\/socgastro.org.br\/novo\/wp-json\/wp\/v2\/media?parent=3146"}],"curies":[{"name":"wp","href":"https:\/\/api.w.org\/{rel}","templated":true}]}}