{"id":2392,"date":"2017-02-13T16:34:18","date_gmt":"2017-02-13T16:34:18","guid":{"rendered":"http:\/\/socgastro.org.br\/novo\/?page_id=2392"},"modified":"2025-08-26T13:29:31","modified_gmt":"2025-08-26T13:29:31","slug":"gastren","status":"publish","type":"page","link":"https:\/\/socgastro.org.br\/novo\/gastren\/","title":{"rendered":"GASTREN-Rio"},"content":{"rendered":"\r\n<p><strong>SAIBA COMO FORAM AS \u00daLTIMAS EDI\u00c7\u00d5ES<\/strong><\/p>\r\n<p><a href=\"https:\/\/socgastro.org.br\/novo\/gastren\/xxxiii-gastren-rio\/\"><img loading=\"lazy\" decoding=\"async\" class=\"aligncenter wp-image-18023 size-large\" src=\"https:\/\/socgastro.org.br\/novo\/wp-content\/uploads\/2025\/05\/Logo-Curva-Alta-1024x443.png\" alt=\"\" width=\"780\" height=\"337\" srcset=\"https:\/\/socgastro.org.br\/novo\/wp-content\/uploads\/2025\/05\/Logo-Curva-Alta-1024x443.png 1024w, https:\/\/socgastro.org.br\/novo\/wp-content\/uploads\/2025\/05\/Logo-Curva-Alta-300x130.png 300w, https:\/\/socgastro.org.br\/novo\/wp-content\/uploads\/2025\/05\/Logo-Curva-Alta-768x332.png 768w, https:\/\/socgastro.org.br\/novo\/wp-content\/uploads\/2025\/05\/Logo-Curva-Alta-1536x664.png 1536w, https:\/\/socgastro.org.br\/novo\/wp-content\/uploads\/2025\/05\/Logo-Curva-Alta-2048x885.png 2048w, https:\/\/socgastro.org.br\/novo\/wp-content\/uploads\/2025\/05\/Logo-Curva-Alta-1200x519.png 1200w, https:\/\/socgastro.org.br\/novo\/wp-content\/uploads\/2025\/05\/Logo-Curva-Alta-1320x571.png 1320w\" sizes=\"auto, (max-width: 780px) 100vw, 780px\" \/><\/a><\/p>\r\n<p><a href=\"https:\/\/socgastro.org.br\/novo\/gastren\/xxxii-gastren-rio\/\"><img loading=\"lazy\" decoding=\"async\" class=\"aligncenter size-large wp-image-17473\" src=\"https:\/\/socgastro.org.br\/novo\/wp-content\/uploads\/2024\/08\/logo_alta-1024x464.png\" alt=\"\" width=\"780\" height=\"353\" srcset=\"https:\/\/socgastro.org.br\/novo\/wp-content\/uploads\/2024\/08\/logo_alta-1024x464.png 1024w, https:\/\/socgastro.org.br\/novo\/wp-content\/uploads\/2024\/08\/logo_alta-300x136.png 300w, https:\/\/socgastro.org.br\/novo\/wp-content\/uploads\/2024\/08\/logo_alta-768x348.png 768w, https:\/\/socgastro.org.br\/novo\/wp-content\/uploads\/2024\/08\/logo_alta-1536x695.png 1536w, https:\/\/socgastro.org.br\/novo\/wp-content\/uploads\/2024\/08\/logo_alta-1200x543.png 1200w, https:\/\/socgastro.org.br\/novo\/wp-content\/uploads\/2024\/08\/logo_alta-1320x598.png 1320w, https:\/\/socgastro.org.br\/novo\/wp-content\/uploads\/2024\/08\/logo_alta.png 1690w\" sizes=\"auto, (max-width: 780px) 100vw, 780px\" \/><\/a><\/p>\r\n<p><a href=\"https:\/\/socgastro.org.br\/novo\/gastren\/xxxi-gastren-rio\/\"><img loading=\"lazy\" decoding=\"async\" class=\"aligncenter wp-image-14125 size-large\" src=\"https:\/\/socgastro.org.br\/novo\/wp-content\/uploads\/2022\/02\/logo_gastren_2022-1024x546.png\" alt=\"\" width=\"780\" height=\"416\" srcset=\"https:\/\/socgastro.org.br\/novo\/wp-content\/uploads\/2022\/02\/logo_gastren_2022-1024x546.png 1024w, https:\/\/socgastro.org.br\/novo\/wp-content\/uploads\/2022\/02\/logo_gastren_2022-300x160.png 300w, https:\/\/socgastro.org.br\/novo\/wp-content\/uploads\/2022\/02\/logo_gastren_2022-768x410.png 768w, https:\/\/socgastro.org.br\/novo\/wp-content\/uploads\/2022\/02\/logo_gastren_2022-1200x640.png 1200w, https:\/\/socgastro.org.br\/novo\/wp-content\/uploads\/2022\/02\/logo_gastren_2022-1320x704.png 1320w, https:\/\/socgastro.org.br\/novo\/wp-content\/uploads\/2022\/02\/logo_gastren_2022.png 1500w\" sizes=\"auto, (max-width: 780px) 100vw, 780px\" \/><\/a><\/p>\r\n<p><a href=\"https:\/\/socgastro.org.br\/novo\/gastren\/xxx-gastren-rio\/\"><img loading=\"lazy\" decoding=\"async\" class=\"aligncenter size-large wp-image-12786\" src=\"https:\/\/socgastro.org.br\/novo\/wp-content\/uploads\/2021\/07\/logo_gastren_2021_online-1024x546.png\" alt=\"\" width=\"780\" height=\"416\" srcset=\"https:\/\/socgastro.org.br\/novo\/wp-content\/uploads\/2021\/07\/logo_gastren_2021_online-1024x546.png 1024w, https:\/\/socgastro.org.br\/novo\/wp-content\/uploads\/2021\/07\/logo_gastren_2021_online-300x160.png 300w, https:\/\/socgastro.org.br\/novo\/wp-content\/uploads\/2021\/07\/logo_gastren_2021_online-768x410.png 768w, https:\/\/socgastro.org.br\/novo\/wp-content\/uploads\/2021\/07\/logo_gastren_2021_online-600x320.png 600w, https:\/\/socgastro.org.br\/novo\/wp-content\/uploads\/2021\/07\/logo_gastren_2021_online-1200x640.png 1200w, https:\/\/socgastro.org.br\/novo\/wp-content\/uploads\/2021\/07\/logo_gastren_2021_online-1320x704.png 1320w, https:\/\/socgastro.org.br\/novo\/wp-content\/uploads\/2021\/07\/logo_gastren_2021_online.png 1500w\" sizes=\"auto, (max-width: 780px) 100vw, 780px\" \/><\/a><\/p>\r\n\r\n\r\n\r\n<figure class=\"wp-block-image\"><a href=\"http:\/\/socgastro.org.br\/novo\/xxix-gastren-rio\/\"><img loading=\"lazy\" decoding=\"async\" width=\"1024\" height=\"470\" class=\"wp-image-6697\" src=\"http:\/\/socgastro.org.br\/novo\/wp-content\/uploads\/2019\/01\/logo_gastren_2019-1024x470.png\" alt=\"\" srcset=\"https:\/\/socgastro.org.br\/novo\/wp-content\/uploads\/2019\/01\/logo_gastren_2019-1024x470.png 1024w, https:\/\/socgastro.org.br\/novo\/wp-content\/uploads\/2019\/01\/logo_gastren_2019-600x275.png 600w, https:\/\/socgastro.org.br\/novo\/wp-content\/uploads\/2019\/01\/logo_gastren_2019-300x138.png 300w, https:\/\/socgastro.org.br\/novo\/wp-content\/uploads\/2019\/01\/logo_gastren_2019-768x353.png 768w, https:\/\/socgastro.org.br\/novo\/wp-content\/uploads\/2019\/01\/logo_gastren_2019.png 1235w\" sizes=\"auto, (max-width: 1024px) 100vw, 1024px\" \/><\/a><\/figure>\r\n\r\n\r\n\r\n<div class=\"wp-block-image\">\r\n<figure class=\"aligncenter\"><a href=\"http:\/\/socgastro.org.br\/novo\/gastren\/xxviii-gastren-rio\/\"><img loading=\"lazy\" decoding=\"async\" width=\"2000\" height=\"800\" class=\"wp-image-5090\" src=\"http:\/\/socgastro.org.br\/novo\/wp-content\/uploads\/2018\/05\/gastren_2018.jpg\" alt=\"\" srcset=\"https:\/\/socgastro.org.br\/novo\/wp-content\/uploads\/2018\/05\/gastren_2018.jpg 2000w, https:\/\/socgastro.org.br\/novo\/wp-content\/uploads\/2018\/05\/gastren_2018-600x240.jpg 600w, https:\/\/socgastro.org.br\/novo\/wp-content\/uploads\/2018\/05\/gastren_2018-300x120.jpg 300w, https:\/\/socgastro.org.br\/novo\/wp-content\/uploads\/2018\/05\/gastren_2018-768x307.jpg 768w, https:\/\/socgastro.org.br\/novo\/wp-content\/uploads\/2018\/05\/gastren_2018-1024x410.jpg 1024w\" sizes=\"auto, (max-width: 2000px) 100vw, 2000px\" \/><\/a><\/figure>\r\n<\/div>\r\n\r\n\r\n\r\n<div class=\"wp-block-image\">\r\n<figure class=\"aligncenter\"><a href=\"http:\/\/socgastro.org.br\/novo\/gastren\/xxvii-gastren-rio\/\"><img loading=\"lazy\" decoding=\"async\" width=\"821\" height=\"315\" class=\"wp-image-3191\" src=\"http:\/\/socgastro.org.br\/novo\/wp-content\/uploads\/2017\/07\/gastren_logo.png\" alt=\"\" srcset=\"https:\/\/socgastro.org.br\/novo\/wp-content\/uploads\/2017\/07\/gastren_logo.png 821w, https:\/\/socgastro.org.br\/novo\/wp-content\/uploads\/2017\/07\/gastren_logo-600x230.png 600w, https:\/\/socgastro.org.br\/novo\/wp-content\/uploads\/2017\/07\/gastren_logo-300x115.png 300w, https:\/\/socgastro.org.br\/novo\/wp-content\/uploads\/2017\/07\/gastren_logo-768x295.png 768w\" sizes=\"auto, (max-width: 821px) 100vw, 821px\" \/><\/a><\/figure>\r\n<\/div>\r\n\r\n\r\n\r\n<div class=\"wp-block-image\">\r\n<figure class=\"alignleft\"><a href=\"http:\/\/socgastro.org.br\/novo\/gastren\/xxvi-gastren-rio\/\"><img loading=\"lazy\" decoding=\"async\" width=\"2400\" height=\"960\" class=\"wp-image-1192\" src=\"http:\/\/socgastro.org.br\/novo\/wp-content\/uploads\/2016\/01\/banner_gastren_ago2016.jpg\" alt=\"\" srcset=\"https:\/\/socgastro.org.br\/novo\/wp-content\/uploads\/2016\/01\/banner_gastren_ago2016.jpg 2400w, https:\/\/socgastro.org.br\/novo\/wp-content\/uploads\/2016\/01\/banner_gastren_ago2016-600x240.jpg 600w, https:\/\/socgastro.org.br\/novo\/wp-content\/uploads\/2016\/01\/banner_gastren_ago2016-300x120.jpg 300w, https:\/\/socgastro.org.br\/novo\/wp-content\/uploads\/2016\/01\/banner_gastren_ago2016-768x307.jpg 768w, https:\/\/socgastro.org.br\/novo\/wp-content\/uploads\/2016\/01\/banner_gastren_ago2016-1024x410.jpg 1024w\" sizes=\"auto, (max-width: 2400px) 100vw, 2400px\" \/><\/a><\/figure>\r\n<\/div>\r\n","protected":false},"excerpt":{"rendered":"<p>SAIBA COMO FORAM AS \u00daLTIMAS EDI\u00c7\u00d5ES<\/p>\n","protected":false},"author":1,"featured_media":0,"parent":0,"menu_order":0,"comment_status":"closed","ping_status":"closed","template":"","meta":{"footnotes":""},"class_list":["post-2392","page","type-page","status-publish","hentry"],"_links":{"self":[{"href":"https:\/\/socgastro.org.br\/novo\/wp-json\/wp\/v2\/pages\/2392","targetHints":{"allow":["GET"]}}],"collection":[{"href":"https:\/\/socgastro.org.br\/novo\/wp-json\/wp\/v2\/pages"}],"about":[{"href":"https:\/\/socgastro.org.br\/novo\/wp-json\/wp\/v2\/types\/page"}],"author":[{"embeddable":true,"href":"https:\/\/socgastro.org.br\/novo\/wp-json\/wp\/v2\/users\/1"}],"replies":[{"embeddable":true,"href":"https:\/\/socgastro.org.br\/novo\/wp-json\/wp\/v2\/comments?post=2392"}],"version-history":[{"count":32,"href":"https:\/\/socgastro.org.br\/novo\/wp-json\/wp\/v2\/pages\/2392\/revisions"}],"predecessor-version":[{"id":18262,"href":"https:\/\/socgastro.org.br\/novo\/wp-json\/wp\/v2\/pages\/2392\/revisions\/18262"}],"wp:attachment":[{"href":"https:\/\/socgastro.org.br\/novo\/wp-json\/wp\/v2\/media?parent=2392"}],"curies":[{"name":"wp","href":"https:\/\/api.w.org\/{rel}","templated":true}]}}