{"id":19,"date":"2016-01-22T11:16:40","date_gmt":"2016-01-22T11:16:40","guid":{"rendered":"http:\/\/socgastro.org.br\/novo\/?page_id=19"},"modified":"2025-05-14T08:40:50","modified_gmt":"2025-05-14T08:40:50","slug":"diretoria","status":"publish","type":"page","link":"https:\/\/socgastro.org.br\/novo\/diretoria\/","title":{"rendered":"Diretoria e Comiss\u00f5es"},"content":{"rendered":"<p><strong>DIRETORIA 2025-2026<\/strong><\/p>\n<p><strong>Presidente <\/strong>Renata de S\u00e1 Brito Fr\u00f3es<\/p>\n<p><strong>Vice-Presidente <\/strong>Jo\u00e3o Marcello de Ara\u00fajo Netto<\/p>\n<p><strong>Secret\u00e1rio <\/strong>C\u00e9sar Amorim<\/p>\n<p><strong>Diretor Financeiro <\/strong>Fernando Prado de Barros<\/p>\n<p><strong>Presidente eleito 2027-2028<\/strong> Silvio Geraldo Guimara\u0303es de Oliveira<\/p>\n<p><strong>Conselho Deliberativo<\/strong><\/p>\n<ul>\n<li>Ana Teresa Pugas Carvalho<\/li>\n<li>Bernardo Junger de Carvalho<\/li>\n<li>Ant\u00f4nio Carlos da Silva Moraes<\/li>\n<\/ul>\n<p><strong><u>Comiss\u00f5es Permanentes<\/u><\/strong><\/p>\n<p><strong>Comiss\u00e3o Cient\u00edfica<\/strong><\/p>\n<ul>\n<li>Jos\u00e9 Galv\u00e3o Alves<\/li>\n<li>Ant\u00f4nio Jos\u00e9 de Vasconcellos Carneiro<\/li>\n<li>Marcio de Carvalho Costa<\/li>\n<\/ul>\n<p><strong>Comiss\u00e3o de Defesa Profissional<\/strong><\/p>\n<ul>\n<li>Camila Adour<\/li>\n<li>Sergio da Costa Pereira e Silva<\/li>\n<li>Maria Regina Futuro Marcos Dias<\/li>\n<\/ul>\n<p><strong>Comiss\u00e3o de \u00c9tica<\/strong><\/p>\n<ul>\n<li>Eponina Maria Lemme<\/li>\n<li>Marcia Lyrio<\/li>\n<li>Jo\u00e3o Alberto Nametala<\/li>\n<\/ul>\n<p><strong><u>Comiss\u00f5es Provis\u00f3rias<\/u><\/strong><\/p>\n<p><strong>Comiss\u00e3o de Rela\u00e7\u00f5es Institucionais<\/strong><\/p>\n<ul>\n<li>Felipe Mendon\u00e7a<\/li>\n<li>Ellen Francione<\/li>\n<li>Julianna Nascimento<\/li>\n<li>Juliana Oliveira<\/li>\n<\/ul>\n<p><strong>Comiss\u00e3o de Admiss\u00e3o<\/strong><\/p>\n<ul>\n<li>Luiz Artur Juruena de Matos<\/li>\n<li>Paulo Rios<\/li>\n<li>Andr\u00e9 Torres<\/li>\n<li>Jos\u00e9 Augusto Messias<\/li>\n<\/ul>\n<p><strong>Comiss\u00e3o de Comunica\u00e7\u00e3o e Marketing<\/strong><\/p>\n<ul>\n<li>Patr\u00edcia Marques<\/li>\n<li>Cibele Franz<\/li>\n<li>Roberta Rigueira<\/li>\n<li>Fernando Castro<\/li>\n<li>Viviane Fittipaldi<\/li>\n<\/ul>\n<p><strong>Comiss\u00e3o Jovem Gastro<\/strong><\/p>\n<ul>\n<li>Lilian Machado<\/li>\n<li>Johene Andrade Santos Pantoja<\/li>\n<li>Alexandre Pelosi<\/li>\n<li>Beatriz Bicas<\/li>\n<li>Rosana Ciufo<\/li>\n<\/ul>\n<p><strong>Comiss\u00e3o de Liga Acad\u00eamica<\/strong><\/p>\n<ul>\n<li>Thais Guaran\u00e1<\/li>\n<li>Carlos Frederico Porto Alegre Rosa<\/li>\n<li>Helio Rzentelna<\/li>\n<li>Raniery \u00c1vila<\/li>\n<\/ul>\n<p><strong>Comiss\u00e3o de Gastropediatria<\/strong><\/p>\n<ul>\n<li>Jos\u00e9 Cesar Junqueira<\/li>\n<li>Paula Peruzzi Elia<\/li>\n<li>Marise Marsilac<\/li>\n<\/ul>\n<p><strong>Comiss\u00e3o de Pesquisa e Multic\u00eantricos<\/strong><\/p>\n<ul>\n<li>Heitor Siffert Pereira de Souza<\/li>\n<li>Flavia Fernandes<\/li>\n<li>Elio Castro<\/li>\n<li>Marcia Costa<\/li>\n<li>Renata Amorim<\/li>\n<\/ul>\n<p><span style=\"color: #993366;\"><strong>DIRETORIAS ANTERIORES<\/strong><\/span><\/p>\n<h2>2023-2024<\/h2>\n<p><strong>Presidente <\/strong>Ana Teresa Pugas Carvalho<\/p>\n<p><strong>Vice-Presidente <\/strong>Heitor Siffert Pereira<\/p>\n<p><strong>Secret\u00e1rio <\/strong>C\u00e9sar Amorim<\/p>\n<p><strong>Diretor Financeiro <\/strong>Barbara Cathal\u00e1 Esberard<\/p>\n<p><strong>Presidente eleita 2025-2026<\/strong> Renata de S\u00e1 Brito Fr\u00f3es<\/p>\n<h2>2021-2022<\/h2>\n<p><strong>Presidente\u00a0<\/strong>Bernardo da Cruz Junger de Carvalho<\/p>\n<p><strong>Vice-Presidente\u00a0<\/strong>C\u00e9sar Augusto da Fonseca Lima Amorim<\/p>\n<p><strong>Secret\u00e1ria\u00a0<\/strong>Renata Fr\u00f3es<\/p>\n<p><strong>Diretor Financeiro\u00a0<\/strong>Carlos Frederico Porto Alegre Rosa<\/p>\n<p><strong>Presidente eleita 2023-2024<\/strong>\u00a0Ana Teresa Pugas de Carvalho<\/p>\n<h2><strong>2019-2020<\/strong><\/h2>\n<p><strong>Presidente\u00a0<\/strong>Ant\u00f4nio Carlos da Silva Moraes<\/p>\n<p><strong>Vice-Presidente\u00a0<\/strong>H\u00e9lio Rzetelna<\/p>\n<p><strong>Secret\u00e1rio\u00a0<\/strong>Jo\u00e3o Alberto Assed Estefan Nametala<\/p>\n<p><strong>Diretor Financeiro\u00a0<\/strong>C\u00e9sar Augusto da Fonseca Lima Amorim<\/p>\n<p><strong>Presidente eleito 2021-2022\u00a0<\/strong>Bernardo da Cruz Junger de Carvalho<\/p>\n<h2><strong>2017-2018<\/strong><\/h2>\n<p><strong>Presidente\u00a0<\/strong>Antonio Jos\u00e9 de Vasconcellos Carneiro<\/p>\n<p><strong>Vice-Presidente\u00a0<\/strong>Ana Teresa Pugas Carvalho<\/p>\n<p><strong>Secret\u00e1rio\u00a0<\/strong>C\u00e9sar Augusto da Fonseca Lima Amorim<\/p>\n<p><strong>Diretor Financeiro\u00a0<\/strong>H\u00e9lio Rzetelna<\/p>\n<p><strong>Presidente eleito 2019-2020\u00a0<\/strong>Antonio\u00a0Carlos da Silva Moraes<\/p>\n<h2><strong>2015-2016<\/strong><\/h2>\n<p><strong>Presidente\u00a0<\/strong>Luiz Jo\u00e3o Abrah\u00e3o Jr.<br \/>\n<strong>Vice-Presidente\u00a0<\/strong>Javier Ronald Flores Morelli<br \/>\n<strong>Secret\u00e1rio\u00a0<\/strong>Jorge da Silva Motta<br \/>\n<strong>Diretor Financeiro\u00a0<\/strong>Carlos Frederico P. Porto Alegre Rosa<\/p>\n<h2><strong>2013-2014<\/strong><\/h2>\n<p><strong>Presidente<\/strong>\u00a0Rubens Basile<br \/>\n<strong>Vice-Presidente<\/strong>\u00a0Paulo Cesar Rios da Silveira<br \/>\n<strong>Secret\u00e1rio Antonio<\/strong>\u00a0Jos\u00e9 de Vasconcellos Carneiro<br \/>\n<strong>Diretor Financeiro<\/strong>\u00a0Helio Rzetelna<br \/>\n<strong>Presidente eleito 2015-2016<\/strong>\u00a0Luiz Jo\u00e3o Abrah\u00e3o Jr.<\/p>\n<h2><strong>2011-2012<\/strong><\/h2>\n<p><strong>Presidente<\/strong>\u00a0Edson Jurado da Silva<br \/>\n<strong>Vice-Presidente<\/strong>\u00a0Delta Madureira Filho<br \/>\n<strong>Secret\u00e1rio<\/strong>\u00a0Eduardo Joaquim Castro<br \/>\n<strong>Tesoureiro<\/strong>\u00a0M\u00e1rcio Fragoso Castro<br \/>\n<strong>Presidente 2013-2014<\/strong>\u00a0Rubens Basile<\/p>\n","protected":false},"excerpt":{"rendered":"<p>DIRETORIA 2025-2026 Presidente Renata de S\u00e1 Brito Fr\u00f3es Vice-Presidente Jo\u00e3o Marcello de Ara\u00fajo Netto Secret\u00e1rio C\u00e9sar Amorim Diretor Financeiro Fernando [&hellip;]<\/p>\n","protected":false},"author":1,"featured_media":0,"parent":0,"menu_order":0,"comment_status":"closed","ping_status":"closed","template":"","meta":{"footnotes":""},"class_list":["post-19","page","type-page","status-publish","hentry"],"_links":{"self":[{"href":"https:\/\/socgastro.org.br\/novo\/wp-json\/wp\/v2\/pages\/19","targetHints":{"allow":["GET"]}}],"collection":[{"href":"https:\/\/socgastro.org.br\/novo\/wp-json\/wp\/v2\/pages"}],"about":[{"href":"https:\/\/socgastro.org.br\/novo\/wp-json\/wp\/v2\/types\/page"}],"author":[{"embeddable":true,"href":"https:\/\/socgastro.org.br\/novo\/wp-json\/wp\/v2\/users\/1"}],"replies":[{"embeddable":true,"href":"https:\/\/socgastro.org.br\/novo\/wp-json\/wp\/v2\/comments?post=19"}],"version-history":[{"count":19,"href":"https:\/\/socgastro.org.br\/novo\/wp-json\/wp\/v2\/pages\/19\/revisions"}],"predecessor-version":[{"id":18025,"href":"https:\/\/socgastro.org.br\/novo\/wp-json\/wp\/v2\/pages\/19\/revisions\/18025"}],"wp:attachment":[{"href":"https:\/\/socgastro.org.br\/novo\/wp-json\/wp\/v2\/media?parent=19"}],"curies":[{"name":"wp","href":"https:\/\/api.w.org\/{rel}","templated":true}]}}