{"id":18260,"date":"2025-08-26T13:28:55","date_gmt":"2025-08-26T13:28:55","guid":{"rendered":"https:\/\/socgastro.org.br\/novo\/?page_id=18260"},"modified":"2025-08-26T13:28:55","modified_gmt":"2025-08-26T13:28:55","slug":"xxxiii-gastren-rio","status":"publish","type":"page","link":"https:\/\/socgastro.org.br\/novo\/gastren\/xxxiii-gastren-rio\/","title":{"rendered":"XXXIII Gastren-Rio"},"content":{"rendered":"<p><img loading=\"lazy\" decoding=\"async\" class=\"aligncenter size-medium wp-image-18023\" src=\"https:\/\/socgastro.org.br\/novo\/wp-content\/uploads\/2025\/05\/Logo-Curva-Alta-300x130.png\" alt=\"\" width=\"300\" height=\"130\" srcset=\"https:\/\/socgastro.org.br\/novo\/wp-content\/uploads\/2025\/05\/Logo-Curva-Alta-300x130.png 300w, https:\/\/socgastro.org.br\/novo\/wp-content\/uploads\/2025\/05\/Logo-Curva-Alta-1024x443.png 1024w, https:\/\/socgastro.org.br\/novo\/wp-content\/uploads\/2025\/05\/Logo-Curva-Alta-768x332.png 768w, https:\/\/socgastro.org.br\/novo\/wp-content\/uploads\/2025\/05\/Logo-Curva-Alta-1536x664.png 1536w, https:\/\/socgastro.org.br\/novo\/wp-content\/uploads\/2025\/05\/Logo-Curva-Alta-2048x885.png 2048w, https:\/\/socgastro.org.br\/novo\/wp-content\/uploads\/2025\/05\/Logo-Curva-Alta-1200x519.png 1200w, https:\/\/socgastro.org.br\/novo\/wp-content\/uploads\/2025\/05\/Logo-Curva-Alta-1320x571.png 1320w\" sizes=\"auto, (max-width: 300px) 100vw, 300px\" \/><\/p>\n<p><strong>FOTOS<\/strong><\/p>\n<ul>\n<li><a href=\"https:\/\/photos.app.goo.gl\/m7HKRqLF3yjQuT3o8\">dia 21<\/a><\/li>\n<li><a href=\"https:\/\/photos.app.goo.gl\/6Lu4a8HruvEFYDCE7\">dia 22<\/a><\/li>\n<li><a href=\"https:\/\/photos.app.goo.gl\/oG6cNkgSJ4okvLGj6\">dia 23<\/a><\/li>\n<\/ul>\n<p><strong>PROGRAMA\u00c7\u00c3O<\/strong><\/p>\n<h2><strong><u>Quinta-feira, 21 de agosto<\/u><\/strong><\/h2>\n<p><strong>08:00 <\/strong>Abertura<\/p>\n<p><strong>Renata Fr\u00f3es<\/strong> \u2013 Presidente da AGRJ<br \/>\n<strong>\u00c1ureo Delgado<\/strong> \u2013 Presidente da FBG<\/p>\n<p><strong>08:10 <\/strong>Confer\u00eancia &#8211;\u00a0<em>Doen\u00e7a Cel\u00edaca no Brasil: voc\u00ea sabe diagnosticar e tratar? Papel da Federa\u00e7\u00e3o Brasileira de Gastroenterologia nesse cen\u00e1rio<br \/>\n<\/em><\/p>\n<p>Presidente: \u00a0<strong>Silvio Oliveira<\/strong> (RJ)<br \/>\nConferencista: <strong>\u00c1ureo Delgado<\/strong> (MG)<\/p>\n<p><strong>08:30 <\/strong><em>Momento Jovem Gastro: apresenta\u00e7\u00e3o e entrega do pr\u00eamio de melhor e mais instigante caso cl\u00ednico de 2025<\/em><\/p>\n<p><strong>Renata Fr\u00f3es<\/strong> (AGRJ) e <strong>\u00c1ureo Delgado<\/strong> (FBG)<\/p>\n<p><em>Enteropatia perdedora de prote\u00ednas\u00a0 \u2013 detalhes que levam ao diagn\u00f3stico<\/em><\/p>\n<p>Apresentador: <strong>Raphael Calero<\/strong> (vencedor Jovem Gastro)<br \/>\nOrientador: <strong>Marcio Carvalho<\/strong> (RJ)<\/p>\n<p><strong>08:50 <\/strong>Mesa-Redonda &#8211;<em>\u00a0Tratamento da Doen\u00e7a de Crohn: tudo que voc\u00ea precisa saber<\/em><\/p>\n<p>Moderadora: <strong>Ana Teresa Pugas<\/strong> (RJ)<br \/>\nDebatedores: <strong>Matheus Azevedo<\/strong> (SP), <strong>Francisco Penna<\/strong> (MG), <strong>Roberta Rigueira<\/strong> (RJ), <strong>Helio Rzetelna<\/strong> (RJ)<\/p>\n<p><strong>10:00 <\/strong>Simp\u00f3sio Sat\u00e9lite Takeda &#8211; <em>Vedolizumabe, dos estudos cient\u00edficos a pr\u00e1tica cl\u00ednica<br \/>\n<\/em><\/p>\n<p><strong>Julio Chebli<\/strong> (MG) e\u00a0<strong>H\u00e9lio Rzetelna\u00a0<\/strong>(RJ)<\/p>\n<p><strong>10:30 <\/strong>Gastrolanche<\/p>\n<p><strong>11:00 <\/strong>Mesa-Redonda \u2013 <em>Obesidade: Voc\u00ea est\u00e1 preparado para tratar esta epidemia?<\/em><\/p>\n<p>Moderador: <strong>Jo\u00e3o Marcello Ara\u00fajo Neto<\/strong> (RJ)<br \/>\nDebatedores: <strong>L\u00edvia Lugarinho<\/strong> (RJ), <strong>Ricardo Oliveira<\/strong> (RJ), <strong>Tha\u00eds Guaran\u00e1<\/strong> (RJ), <strong>Am\u00e9lio Godoy Matos<\/strong> (RJ)<\/p>\n<p><strong>11:40<\/strong> Simp\u00f3sio Sat\u00e9lite Novo Nordisk &#8211; <em>Tratamento farmacol\u00f3gico da obesidade<\/em><\/p>\n<p><strong>Bruno Dubeux <\/strong>(RJ)<\/p>\n<p><strong>12:10 <\/strong><em>Convite aos Estudos Multic\u00eantricos<\/em><\/p>\n<p><strong>Renata Fr\u00f3es <\/strong>(RJ) e <strong>Elio Castro <\/strong>(RJ)<\/p>\n<p><strong>12:15<\/strong> Simp\u00f3sio Sat\u00e9lite Johnson &amp; Johnson &#8211; <em>Legado de Stelara nas Doen\u00e7as Inflamat\u00f3rias Intestinais<\/em><\/p>\n<p><strong>Flora Fortes<\/strong> (BA)<\/p>\n<p><strong>12:45 <\/strong>Simp\u00f3sio Sat\u00e9lite Johnson &amp; Johnson &#8211; <em>Golimumame como Anti TNF diferenciado no tratamento em todas as fases de vida na Retocolite Ulcerativa<\/em><\/p>\n<p><strong>Francisco Penna<\/strong> (MG)<\/p>\n<p><strong>13:15 <\/strong>Intervalo<\/p>\n<p><strong>13:30 <\/strong>Mesa-Redonda: <em>Pancreatite cr\u00f4nica \u2013 do diagn\u00f3stico diferencial ao manejo pr\u00e1tico<\/em><\/p>\n<p>Moderador: <strong>M\u00e1rcio Carvalho<\/strong> (RJ)<\/p>\n<p>Debatedores: <strong>Jos\u00e9 Galv\u00e3o-Alves<\/strong> (RJ), <strong>J\u00falio Chebli<\/strong> (MG), <strong>Fernando Prado Barros<\/strong> (RJ), <strong>Eduardo Viana<\/strong> (RJ)<\/p>\n<p><strong>14:30 <\/strong>Mesa-redonda: <em>Es\u00f4fago \u2013 situa\u00e7\u00f5es dif\u00edceis, como conduzir?<\/em><\/p>\n<p>Moderadora: <strong>Beatriz Biccas<\/strong> (RJ)<\/p>\n<ul>\n<li><em>Solu\u00e7os Incoerc\u00edveis<br \/>\n<\/em><strong>Eponina Lemme<\/strong> (RJ)<\/li>\n<li><em>Eructa\u00e7\u00f5es Frequentes<br \/>\n<\/em><strong>Mois\u00e9s Coppelman<\/strong> (RJ)<\/li>\n<li><em>Rumina\u00e7\u00e3o<br \/>\n<\/em><strong>G\u00e9rson Domingues<\/strong> (RJ)<\/li>\n<li><em>Perguntas e Respostas<\/em><\/li>\n<\/ul>\n<p><strong>15:30 <\/strong>Simp\u00f3sio Sat\u00e9lite Sanofi &#8211; <em>Esofagite Eosinof\u00edlica: Manejo de Casos Dif\u00edceis<\/em><\/p>\n<p><strong>Elio Castro<\/strong> (RJ) e <strong>Ariana Yang <\/strong><\/p>\n<p><strong>16:00 <\/strong>Gastrolanche<\/p>\n<p><strong>16:30<\/strong> <em>Procedimentos em Gastroenterologia &#8211; doen\u00e7as hep\u00e1ticas (exames ao vivo)<\/em><\/p>\n<p>Apresentadora: <strong>Fl\u00e1via Fernandes<\/strong> (RJ)<\/p>\n<p><strong>17:00<\/strong> <em>Casos Cl\u00ednicos diante do Especialista: o que voc\u00ea faria?<\/em><\/p>\n<p>Presidente: <strong>Jos\u00e9 Auguto Messias<\/strong> (RJ)<\/p>\n<ul>\n<li>Caso Cl\u00ednico 1 \u2013 <em>Constipa\u00e7\u00e3o: possibilidades de tratamento da crian\u00e7a ao idoso<br \/>\n<\/em><strong>Julianna Nascimento<\/strong> (RJ) e\u00a0<strong>Fl\u00e1via Musauer<\/strong> (RJ)<\/li>\n<li>Caso Cl\u00ednico 2 \u2013 <em>Investiga\u00e7\u00e3o de cisto de p\u00e2ncreas (neoplasia c\u00edstica)<br \/>\n<\/em><strong>Patr\u00edcia Marques<\/strong> (RJ) e <strong>Ant\u00f4nio Eiras<\/strong> (RJ)<\/li>\n<li>Caso Cl\u00ednico 3 &#8211; <em>Colite induzida por Imunoterapia<br \/>\n<\/em><strong>Ana Teresa Pugas<\/strong> (RJ) e <strong>Fernando Castro<\/strong> (RJ)<\/li>\n<\/ul>\n<h2><strong><u>Sexta-feira, 22 de agosto<\/u><\/strong><\/h2>\n<p><strong>08:00 <\/strong>Mesa-Redonda DII \u2013 <em>Discuss\u00e3o Cl\u00ednica \u2013 do dia a dia a casos desafiadores no tratamento da RCU<\/em><\/p>\n<p>Moderador: <strong>Bernardo Junger<\/strong> (RJ)<\/p>\n<ul>\n<li><em>Da mesalazina a terapia avan\u00e7ada<br \/>\n<\/em><strong>M\u00e1rcia Costa<\/strong> (RJ)<\/li>\n<li><em>Uso de inibidores de JAK na doen\u00e7a grave<br \/>\n<\/em><strong>Eduardo Vilela<\/strong> (MG)<\/li>\n<li><em>Casos de displasia na RCU \u2013 vigil\u00e2ncia<br \/>\n<\/em><strong>Renata Amorim<\/strong> (RJ)<\/li>\n<li><em>Estrat\u00e9gias de tratamento cir\u00fargico<br \/>\n<\/em><strong>Rinaldo Periard<\/strong> (RJ)<\/li>\n<li><em>Discuss\u00e3o<\/em><\/li>\n<\/ul>\n<p><strong>9:20 <\/strong>Simp\u00f3sio Sat\u00e9lite Janssen &#8211; <em>Tremfya &#8211; elevando a barra de efic\u00e1cia na Doen\u00e7a Inflamat\u00f3ria Intestinal<\/em><\/p>\n<p><strong>Marina Pomponet (BA)<\/strong><\/p>\n<p><strong>09:50 <\/strong>Mini-confer\u00eancia:<em> Insufici\u00eancia Ex\u00f3crina do P\u00e2ncreas<\/em><\/p>\n<p>Presidente: <strong>Paulo Rios<\/strong> (RJ)<br \/>\nConferencista: <strong>Jos\u00e9 Galv\u00e3o-Alves<\/strong> (RJ)<\/p>\n<p><strong>10:10 <\/strong>Gastrolanche<\/p>\n<p><strong>10:40 <\/strong>Confer\u00eancia &#8211;\u00a0<em>Aplicabilidade da Enteroscopia profunda x C\u00e1psula Endosc\u00f3pica na Diarr\u00e9ia e Anemia<\/em><\/p>\n<p>Presidente: <strong>Carlos Frederico Porto Alegre<\/strong> (RJ)<br \/>\nConferencista: <strong>Adriana Vaz Safatle-Ribeiro<\/strong> (SP)<\/p>\n<p><strong>11:10<\/strong> Simp\u00f3sio Sat\u00e9lite Pfizer &#8211; <em>Experi\u00eancia brasileira em como tratar Retocolite Ulcerativa com tofacitinibe<\/em><\/p>\n<p><strong>Liliana Chebli <\/strong>(MG)<\/p>\n<p><strong>11:40 <\/strong><em>Metaplasia Intestinal e Es\u00f4fago de Barrett: cl\u00ednico pergunta, endoscopista responde<\/em><\/p>\n<p>Apresentadoras: <strong>Camila Adour<\/strong> (RJ) e\u00a0<strong>Mariceli Madureira<\/strong> (RJ)<\/p>\n<p><strong>12:00 <\/strong><em>Momento Jovem Gastro: entrega do pr\u00eamio para o melhor trabalho cient\u00edfico do Gastren<\/em><\/p>\n<p><strong>Johene Pantoja<\/strong> (RJ) e <strong>Rosana Ciuffo<\/strong> (RJ)<\/p>\n<p><strong>12:15<\/strong> Simp\u00f3sio Sat\u00e9lite Abbvie &#8211;\u00a0<em>Nova era no tratamento das DIIs<\/em><\/p>\n<p><strong>Roberta Rigueira <\/strong>(RJ) e <strong>Matheus Azevedo<\/strong> (SP)<\/p>\n<p><strong>13:15<\/strong> Intervalo<\/p>\n<p><strong>13:30 <\/strong><em>Master Class: Tudo o que voc\u00ea precisa saber de doen\u00e7a hep\u00e1tica gordurosa<br \/>\n<\/em><\/p>\n<p>Apresentador: <strong>Jo\u00e3o Marcello Ara\u00fajo Neto<\/strong> (RJ)<br \/>\nDebatedor: <strong>Andr\u00e9 Torres<\/strong> (RJ)<\/p>\n<p><strong>14:00 <\/strong><em>Mesa-redonda F\u00edgado<\/em><\/p>\n<p>Moderador: <strong>Jo\u00e3o Marcello Ara\u00fajo Neto<\/strong> (RJ)<\/p>\n<ul>\n<li><em>Como diagnosticar o paciente com aumento assintom\u00e1tico das enzimas hep\u00e1ticas<br \/>\n<\/em><strong>Henrique S\u00e9rgio Moraes Coelho<\/strong> (RJ)<em><br \/>\n<\/em><\/li>\n<li><em>Microbiota Intestinal e as doen\u00e7as hep\u00e1ticas<br \/>\n<\/em><strong>Gustavo Henrique Pereira<\/strong> (RJ)<em><br \/>\n<\/em><\/li>\n<li><em>Check list para manejo do paciente com cirrose<br \/>\n<\/em><strong>Renata Perez<\/strong> (RJ)<em><br \/>\n<\/em><\/li>\n<li><em>Discuss\u00e3o<\/em><\/li>\n<\/ul>\n<p><strong>14:45 <\/strong>Caso Cl\u00ednico: <em>Dor abdominal cr\u00f4nica de dif\u00edcil diagn\u00f3stico<\/em><\/p>\n<p>Presidente: <strong>Raniery \u00c1vila<\/strong> (RJ)<br \/>\nConferencista: <strong>Cibele Franz<\/strong> (RJ)<\/p>\n<p><strong>15:00 <\/strong>Master Class: <em>Microbiota, prebi\u00f3ticos, probi\u00f3ticos \u2013 tudo que voc\u00ea queria saber.<\/em><\/p>\n<p>Apresentador: <strong>Ricardo Barbuti<\/strong> (SP)<br \/>\nDebatedor: <strong>Heitor Souza<\/strong> (RJ)<\/p>\n<p><strong>15:30 <\/strong>Gastrolanche<\/p>\n<p><strong>16:00 <\/strong>Mesa-redonda: <em>Est\u00f4mago e Duodeno &#8211; Doen\u00e7as gastroduodenais (Gastrites, duodenites, gastroduodenite eosinof\u00edlica, gastrite linfoc\u00edtica, paniculite mesent\u00e9rica)<\/em><\/p>\n<p>Moderador: <strong>\u00c9lio Castro<\/strong> (RJ)<br \/>\nDebatedores: <strong>Jo\u00e3o Nametala<\/strong> (RJ), <strong>C\u00e9sar Amorim<\/strong> (RJ), <strong>Luiz Artur Juruena<\/strong> (RJ), <strong>Felipe Mota<\/strong> (RJ)<\/p>\n<p><strong>17:00 <\/strong>Simp\u00f3sio Sat\u00e9lite &#8211; Apsen: <em>Tratamento de Refluxo<\/em><\/p>\n<p><strong>Ricardo Barbuti <\/strong>(SP)<\/p>\n<p><strong>17:20 <\/strong><em>Atualiza\u00e7\u00f5es do Es\u00f4fago<\/em><\/p>\n<p>Moderador: <strong>Felipe Motta<\/strong> (RJ)<\/p>\n<ul>\n<li><em>Disfagia orofar\u00edngea<br \/>\n<\/em><strong>Luiz Jo\u00e3o Abrah\u00e3o Jr.<\/strong> (RJ)<em><br \/>\n<\/em><\/li>\n<li><em>Na acalasia: POEM x Miotomia laparosc\u00f3pica<br \/>\n<\/em><strong>Eduardo Viegas<\/strong> (Cl\u00ednico\/Endosc\u00f3pico) x <strong>Renato Luna<\/strong> (Cir\u00fagico)<em><br \/>\n<\/em><\/li>\n<\/ul>\n<h2><strong><u>S\u00e1bado, 23 de agosto<\/u><\/strong><\/h2>\n<p><strong>08:00 <\/strong><em>Sess\u00e3o Interativa de imagens na Gastroenterologia: O que \u00e9 isso doutor?<\/em><\/p>\n<p>Moderador: <strong>C\u00e9sar Amorim<\/strong> (RJ)<br \/>\nDebatedores: <strong>M\u00e1rcio Carvalho<\/strong> (RJ), <strong>Ricardo Vezzani<\/strong> (RJ), <strong>L\u00edlian Machado<\/strong> (RJ)<\/p>\n<p><strong>09:20 <\/strong><em>Colite Inflamat\u00f3ria x infecciosa<\/em><\/p>\n<p>Apresentador: <strong>Fernando Prado Barros<\/strong> (RJ)<br \/>\nDebatedor: <strong>Leonardo Castro<\/strong> (RJ)<\/p>\n<p><strong>09:40 <\/strong>Simp\u00f3sio Sat\u00e9lite Amgen &#8211; <em>A import\u00e2ncia e seguran\u00e7a do Wezenla (Ustequinumabe) no tratamento das DII<\/em><\/p>\n<p><strong>Cristina Flores <\/strong>(RS)<\/p>\n<p><strong>10:00 <\/strong>Gastrolanche<\/p>\n<p><strong>10:30<\/strong> <em>Mini &#8211; Confer\u00eancia: O papel dos testes respirat\u00f3rios na investiga\u00e7\u00e3o da diarr\u00e9ia<\/em><\/p>\n<p>Presidente: <strong>Marcia Lyrio<\/strong> (RJ)<br \/>\nConferencista: <strong>Paula Silveira Pereira Nunes<\/strong> (RJ)<\/p>\n<p><strong>10:50 <\/strong>Mesa-redonda: <em>Gastropediatria &#8211; Alergias , sensibilidades e intoler\u00e2ncias \u2013 papel dos exames complementares<\/em><\/p>\n<p>Moderadora: <strong>Paula Peruzzi<\/strong> (RJ)<br \/>\nDebatedores: <strong>Marise Marsilac<\/strong> (RJ), <strong>C\u00e9sar Junqueira<\/strong> (RJ), <strong>Ekaterini Sim\u00f5es Goudouris<\/strong> (RJ)<\/p>\n<p><strong>11:50 <\/strong>Simp\u00f3sio sat\u00e9lite Astra Zeneca &#8211; <em>Como a endoscopia influencia o tratamento do c\u00e2ncer g\u00e1strico em 2025: de onde\/como biopsiar \u00e0 imunoterapia<\/em><\/p>\n<p><strong>Flora Lino<\/strong> (RJ) e <strong>Gustavo Gilteman <\/strong>(RJ)<\/p>\n<p><strong>12:15 <\/strong><em>Endoscopia avan\u00e7ada: Casos Cl\u00ednicos ESD<\/em><\/p>\n<p>Moderadora: <strong>Cristina Flores<\/strong> (RS)<br \/>\nApresentadoras: <strong>Viviane Fitipaldi<\/strong> (RJ) e <strong>Evelyn Chinem<\/strong> (RJ)<\/p>\n<p><strong>12:45 &#8211; 13:00: <\/strong>Encerramento com sorteios entre os presentes<\/p>\n<p><strong>Renata Fr\u00f3es\u00a0<\/strong><\/p>\n<p>&nbsp;<\/p>\n<p>&nbsp;<\/p>\n","protected":false},"excerpt":{"rendered":"<p>FOTOS dia 21 dia 22 dia 23 PROGRAMA\u00c7\u00c3O Quinta-feira, 21 de agosto 08:00 Abertura Renata Fr\u00f3es \u2013 Presidente da AGRJ [&hellip;]<\/p>\n","protected":false},"author":1,"featured_media":0,"parent":2392,"menu_order":0,"comment_status":"closed","ping_status":"closed","template":"","meta":{"footnotes":""},"class_list":["post-18260","page","type-page","status-publish","hentry"],"_links":{"self":[{"href":"https:\/\/socgastro.org.br\/novo\/wp-json\/wp\/v2\/pages\/18260","targetHints":{"allow":["GET"]}}],"collection":[{"href":"https:\/\/socgastro.org.br\/novo\/wp-json\/wp\/v2\/pages"}],"about":[{"href":"https:\/\/socgastro.org.br\/novo\/wp-json\/wp\/v2\/types\/page"}],"author":[{"embeddable":true,"href":"https:\/\/socgastro.org.br\/novo\/wp-json\/wp\/v2\/users\/1"}],"replies":[{"embeddable":true,"href":"https:\/\/socgastro.org.br\/novo\/wp-json\/wp\/v2\/comments?post=18260"}],"version-history":[{"count":1,"href":"https:\/\/socgastro.org.br\/novo\/wp-json\/wp\/v2\/pages\/18260\/revisions"}],"predecessor-version":[{"id":18261,"href":"https:\/\/socgastro.org.br\/novo\/wp-json\/wp\/v2\/pages\/18260\/revisions\/18261"}],"up":[{"embeddable":true,"href":"https:\/\/socgastro.org.br\/novo\/wp-json\/wp\/v2\/pages\/2392"}],"wp:attachment":[{"href":"https:\/\/socgastro.org.br\/novo\/wp-json\/wp\/v2\/media?parent=18260"}],"curies":[{"name":"wp","href":"https:\/\/api.w.org\/{rel}","templated":true}]}}