{"id":17779,"date":"2025-02-25T19:43:45","date_gmt":"2025-02-25T19:43:45","guid":{"rendered":"https:\/\/socgastro.org.br\/novo\/?page_id=17779"},"modified":"2025-03-26T22:49:01","modified_gmt":"2025-03-26T22:49:01","slug":"vouchers-simposio-multidisciplinar-de-doencas-do-esofago","status":"publish","type":"page","link":"https:\/\/socgastro.org.br\/novo\/vouchers-simposio-multidisciplinar-de-doencas-do-esofago\/","title":{"rendered":"Vouchers Simp\u00f3sio Multidisciplinar de Doen\u00e7as do Es\u00f4fago"},"content":{"rendered":"<div class=\"members-access-error\">\u00c1rea de acesso restrito aos associados quites da AGRJ. Caso n\u00e3o tenha seus dados de acesso, fa\u00e7a o recadastramento.<\/div>\n","protected":false},"excerpt":{"rendered":"<div class=\"members-access-error\">\u00c1rea de acesso restrito aos associados quites da AGRJ. Caso n\u00e3o tenha seus dados de acesso, fa\u00e7a o recadastramento.<\/div>\n","protected":false},"author":1,"featured_media":0,"parent":0,"menu_order":0,"comment_status":"closed","ping_status":"closed","template":"","meta":{"footnotes":""},"class_list":["post-17779","page","type-page","status-publish","hentry"],"_links":{"self":[{"href":"https:\/\/socgastro.org.br\/novo\/wp-json\/wp\/v2\/pages\/17779","targetHints":{"allow":["GET"]}}],"collection":[{"href":"https:\/\/socgastro.org.br\/novo\/wp-json\/wp\/v2\/pages"}],"about":[{"href":"https:\/\/socgastro.org.br\/novo\/wp-json\/wp\/v2\/types\/page"}],"author":[{"embeddable":true,"href":"https:\/\/socgastro.org.br\/novo\/wp-json\/wp\/v2\/users\/1"}],"replies":[{"embeddable":true,"href":"https:\/\/socgastro.org.br\/novo\/wp-json\/wp\/v2\/comments?post=17779"}],"version-history":[{"count":2,"href":"https:\/\/socgastro.org.br\/novo\/wp-json\/wp\/v2\/pages\/17779\/revisions"}],"predecessor-version":[{"id":17856,"href":"https:\/\/socgastro.org.br\/novo\/wp-json\/wp\/v2\/pages\/17779\/revisions\/17856"}],"wp:attachment":[{"href":"https:\/\/socgastro.org.br\/novo\/wp-json\/wp\/v2\/media?parent=17779"}],"curies":[{"name":"wp","href":"https:\/\/api.w.org\/{rel}","templated":true}]}}