{"id":17471,"date":"2024-08-22T10:54:28","date_gmt":"2024-08-22T10:54:28","guid":{"rendered":"https:\/\/socgastro.org.br\/novo\/?page_id=17471"},"modified":"2024-09-04T16:59:22","modified_gmt":"2024-09-04T16:59:22","slug":"xxxii-gastren-rio","status":"publish","type":"page","link":"https:\/\/socgastro.org.br\/novo\/gastren\/xxxii-gastren-rio\/","title":{"rendered":"XXXII Gastren-Rio"},"content":{"rendered":"<p><img loading=\"lazy\" decoding=\"async\" class=\"aligncenter size-medium wp-image-17473\" src=\"https:\/\/socgastro.org.br\/novo\/wp-content\/uploads\/2024\/08\/logo_alta-300x136.png\" alt=\"\" width=\"300\" height=\"136\" srcset=\"https:\/\/socgastro.org.br\/novo\/wp-content\/uploads\/2024\/08\/logo_alta-300x136.png 300w, https:\/\/socgastro.org.br\/novo\/wp-content\/uploads\/2024\/08\/logo_alta-1024x464.png 1024w, https:\/\/socgastro.org.br\/novo\/wp-content\/uploads\/2024\/08\/logo_alta-768x348.png 768w, https:\/\/socgastro.org.br\/novo\/wp-content\/uploads\/2024\/08\/logo_alta-1536x695.png 1536w, https:\/\/socgastro.org.br\/novo\/wp-content\/uploads\/2024\/08\/logo_alta-1200x543.png 1200w, https:\/\/socgastro.org.br\/novo\/wp-content\/uploads\/2024\/08\/logo_alta-1320x598.png 1320w, https:\/\/socgastro.org.br\/novo\/wp-content\/uploads\/2024\/08\/logo_alta.png 1690w\" sizes=\"auto, (max-width: 300px) 100vw, 300px\" \/><\/p>\n<h2><a href=\"https:\/\/gastrenrio.com.br\/fotos\/\">CONFIRA AS FOTOS<\/a><\/h2>\n<p><a href=\"https:\/\/gastrenrio.com.br\/podcast-cslvifor\/\">PODCAST CSL VIFOR<\/a><\/p>\n<h2><strong>PROGRAMA\u00c7\u00c3O<\/strong><\/h2>\n<h2 style=\"text-align: center;\"><span style=\"color: #d1a50a;\">QUINTA-FEIRA<\/span><\/h2>\n<p style=\"text-align: center;\"><strong><span style=\"color: #6ead2b;\">15 de agosto de 2024<\/span><\/strong><\/p>\n<p><strong>08:00 <\/strong><em>ABERTURA<\/em><strong><br \/>\n<\/strong>Ana Teresa Pugas Carvalho \u2013 Presidente da AGRJ<\/p>\n<p><strong>08:00 <\/strong><em>MESA REDONDA DII \u2013 Discuss\u00e3o cl\u00ednica &#8211; CONTROVERSIAS NO TRATAMENTO DA DII<\/em><br \/>\nModerador: Ant\u00f4nio Carlos Moraes (RJ)<br \/>\nDebatedores:\u00a0 Helio Rzetelna (RJ), Marcia Costa (RJ), Renata Froes (RJ), Marcelo Imbrizzi (SP<em>)<\/em><\/p>\n<p><strong>09:30 <\/strong><em>CONFER\u00caNCIA: Helicobacter pylori: cen\u00e1rio atual do tratamento<\/em><br \/>\nPresidente: Eponina Lemme (RJ)<br \/>\nConferencista: Luiz Gonzaga Vaz Coelho (MG)<\/p>\n<p><strong>10:00 <\/strong><em>SIMP\u00d3SIO SAT\u00c9LITE TAKEDA<\/em><\/p>\n<p><strong>10:45<\/strong><em> GASTROLANCHE<\/em><\/p>\n<p><strong>11:15 <\/strong><em>MESA REDONDA &#8211; F\u00cdGADO<\/em><br \/>\nModerador: Jo\u00e3o Marcello Ara\u00fajo Neto (RJ)<\/p>\n<ul>\n<li><em>Atualiza\u00e7\u00e3o sobre elastografia<\/em><br \/>\nFlavia Fernandes (RJ)<\/li>\n<li><em>Endo hepatologia<\/em><br \/>\nJo\u00e3o Autran Nebel (RJ)<\/li>\n<li><em>Atualiza\u00e7\u00e3o sobre o manejo do CHC<\/em><br \/>\nCassia Leal (RJ)<\/li>\n<\/ul>\n<p><strong>12:30<\/strong> <em>ALMO\u00c7O<\/em><\/p>\n<p><strong>14:00 <\/strong><em>PANCREATITE AUTOIMUNE \u2013 DISCUSS\u00c3O CL\u00cdNICA<\/em><br \/>\n<em>Moderador: Jos\u00e9 Galv\u00e3o-Alves<\/em><\/p>\n<ul>\n<li><em>Tipo 1 \u2013 relacionada ao IgG4<br \/>\n<\/em>Ma\u00edra Marzinotto (SP)<\/li>\n<li><em>Tipo 2 \u2013 concomit\u00e2ncia com Doen\u00e7a Inflamat\u00f3ria Intestinal<br \/>\n<\/em>Carlos Frederico Porto Alegre (RJ)<\/li>\n<li><em>Tipo 3 \u2013 relacionada \u00e0 imunoterapia<br \/>\n<\/em>Bruna Cerbino de Souza (RJ)<\/li>\n<\/ul>\n<p><strong>15:30 <\/strong><em>CONFER\u00caNCIA: MANEJO DA DOEN\u00c7A DO F\u00cdGADO ESTEATOTICO<\/em><br \/>\nPresidente: Priscila Pollo Flores (RJ)<br \/>\nConferencista: Cl\u00e1udia Oliveira (SP)<\/p>\n<p><strong>16:00<\/strong> <em>GASTROLANCHE<\/em><\/p>\n<p><strong>16:30 <\/strong><em>CASOS CL\u00cdNICOS DIANTE DO ESPECIALISTA: O QUE VOCE FARIA?<br \/>\n<\/em>Moderador: Paulo Roberto Pedrosa (RJ)<\/p>\n<ul>\n<li><em>GASTROPARESIA<\/em><br \/>\nApresentador: Fernando Castro (RJ)<br \/>\nDebatedor: Eduardo Madeira (RJ)<\/li>\n<li><em>HEMORRAGIA DIGESTIVA<\/em><br \/>\nApresentadora: B\u00e1rbara Esberard (RJ)<br \/>\nDebatedor: M\u00e1rcio Carvalho (RJ)<\/li>\n<li><em>C\u00c2NCER G\u00c1STRICO PRECOCE<\/em><br \/>\nApresentador: Eduardo Viegas (RJ)<br \/>\nDebatedora: Viviane Fittipaldi (RJ)<\/li>\n<\/ul>\n<p><strong>18:00<\/strong> <em>Happy hour com show do Trio Quarentena<\/em><\/p>\n<h2 style=\"text-align: center;\"><span style=\"color: #d1a50a;\">SEXTA-FEIRA<\/span><\/h2>\n<p style=\"text-align: center;\"><strong><span style=\"color: #6ead2b;\">16 de agosto de 2024<\/span><\/strong><\/p>\n<p><strong>08:30 <\/strong><em>ES\u00d4FAGO E MOTILIDADE: CASOS CL\u00cdNICOS RELACIONADOS<\/em><em><br \/>\n<\/em>Moderadora: Beatriz Biccas<br \/>\nDebatedores: Mois\u00e9s Copelman (RJ), Eponina Lemme (RJ), Felipe Motta (RJ), Felipe Victer (RJ)<\/p>\n<ul>\n<li><em>Esofagite eosinof\u00edlica<\/em><\/li>\n<li><em>Es\u00f4fago de Barrett<\/em><\/li>\n<li><em>Disfagia motora relacionada \u00e0 DRGE (desordens hipocontr\u00e1teis e hipercontrateis relacionadas)<\/em><\/li>\n<li><em>Acalasia<\/em><\/li>\n<\/ul>\n<p><strong>10:00 <\/strong><em>CONFER\u00caNCIA: Import\u00e2ncia do Microbioma nas DII e em outras doen\u00e7as imunomediadas<\/em><br \/>\nPresidente: Bernardo Junger (RJ)<br \/>\nConferencista: Marcello Imbrizi (SP)<\/p>\n<p><strong>10:30 <\/strong><em>SIMP\u00d3SIO SAT\u00c9LITE JANSSEN<\/em><\/p>\n<p><strong>11:15<\/strong>\u00a0<em>GASTROLANCHE<\/em><\/p>\n<p><strong>11:45 <\/strong><em>MESA REDONDA: NEOPLASIA C\u00cdSTICA MUCINOSA: CONDUTA DIAGN\u00d3STICA E TERAP\u00caUTICA<br \/>\n<\/em>Moderador: Oct\u00e1vio Pires Vaz (RJ)<br \/>\nIntrodu\u00e7\u00e3o: Jos\u00e9 Marcus Eul\u00e1lio (RJ)<\/p>\n<ul>\n<li><em>Caso 1: NIMP ductal<br \/>\n<\/em>Eduardo Viana (RJ)<\/li>\n<li><em>Caso 2: Cisto n\u00e3o ductal<br \/>\n<\/em>Rafael Albagli (RJ)<\/li>\n<\/ul>\n<p><strong>12:30<\/strong> <em>ALMO\u00c7O<\/em><\/p>\n<p><strong>14:30 <\/strong><em>QUAL O MECANISMO, QUANDO PENSAR E COMO TRATAR?<\/em><br \/>\n<em>Moderador: Antonio Jos\u00e9 de Vasconcellos Carneiro (RJ)<\/em><\/p>\n<ul>\n<li><em>Intoler\u00e2ncia \u00e0 lactose<br \/>\n<\/em>Gerson Domingues (RJ)<\/li>\n<li><em>Supercrescimento bacteriano<br \/>\n<\/em>Heitor Siffert (RJ)<\/li>\n<li><em>Doen\u00e7a cel\u00edaca<br \/>\n<\/em>Roberta Bria (RJ)<\/li>\n<li><em>Enteropatia por AINHs<br \/>\n<\/em>Evelyn Chimen (RJ)<\/li>\n<\/ul>\n<p><strong>16:00<\/strong><em> CONFER\u00caNCIA: INSUFICI\u00caNCIA EX\u00d3CRINA DO P\u00c2NCREAS<\/em><br \/>\nPresidente: Tatiana Assad Braz (RJ)<br \/>\nConferencista: Jos\u00e9 Galv\u00e3o-Alves (RJ)<\/p>\n<p><strong>16:30<\/strong> <em>GASTROLANCHE<\/em><\/p>\n<p><strong>17:00 <\/strong><em>MESA REDONDA DE F\u00cdGADO \u2013 CASOS CL\u00cdNICOS VARIADOS &#8211; Casos de cirrose e Hepatite autoimune<\/em><br \/>\n<em>Moderador: <\/em>Jo\u00e3o Marcello Ara\u00fajo Neto<em><br \/>\nDebatedores: <\/em>Henrique Sergio Moraes Coelho (RJ), Renata Perez (RJ) e Carlos Eduardo Brand\u00e3o Mello (RJ)<\/p>\n<h2 style=\"text-align: center;\"><span style=\"color: #d1a50a;\">S\u00c1BADO<\/span><\/h2>\n<p style=\"text-align: center;\"><strong><span style=\"color: #6ead2b;\">17 de agosto de 2024<\/span><\/strong><\/p>\n<p><strong>08:30 <\/strong><em>SESS\u00c3O INTERATIVA DE IMAGENS NA GASTREOENTEROLOGIA: O QUE \u00c9 ISSO DOUTOR?<\/em><br \/>\nApresentador: C\u00e9sar Amorim (RJ)<em><br \/>\n<\/em>Debatedores: Marcio Carvalho (RJ), Ricardo Vezanni (RJ), Jo\u00e3o Nebel (RJ)<\/p>\n<p><strong>10:00 <\/strong>SIMP\u00d3SIO SAT\u00c9LITE<\/p>\n<p><strong>10:45 <\/strong>GASTROLANCHE<\/p>\n<p><strong>11:15 <\/strong><em>DEMONSTRA\u00c7\u00c3O PELO ESPECIALISTA DE METODOS DIAGN\u00d3TICOS E TERAP\u00caUTICOS NA GASTROENTEROLOGIA<br \/>\n<\/em>Moderadora: Cibele Franz (RJ)<\/p>\n<ul>\n<li><em>Capsula endosc\u00f3pica<br \/>\n<\/em>Marcio Carvalho (RJ)<\/li>\n<li><em>Dissec\u00e7\u00e3o endosc\u00f3pica da submucosa<br \/>\n<\/em>Renata Amorim (RJ)<\/li>\n<li><em>Protese na complica\u00e7\u00e3o da cirurgia bari\u00e1trica<br \/>\n<\/em>Jo\u00e3o Nametala (RJ)<\/li>\n<li><em>Miotomia Endosc\u00f3pica peroral<br \/>\n<\/em>Felipe Mendon\u00e7a (RJ)<\/li>\n<li><em>Papilectomia endosc\u00f3pica<br \/>\n<\/em>Huang Ling Fang (RJ)<\/li>\n<li><em>Drenagem de pseudocisto por endoscopia<br \/>\n<\/em>Patr\u00edcia Marques(RJ)<\/li>\n<\/ul>\n<p><strong>13:15<\/strong><em> ENCERRAMENTO<\/em><\/p>\n","protected":false},"excerpt":{"rendered":"<p>CONFIRA AS FOTOS PODCAST CSL VIFOR PROGRAMA\u00c7\u00c3O QUINTA-FEIRA 15 de agosto de 2024 08:00 ABERTURA Ana Teresa Pugas Carvalho \u2013 [&hellip;]<\/p>\n","protected":false},"author":1,"featured_media":0,"parent":2392,"menu_order":0,"comment_status":"closed","ping_status":"closed","template":"","meta":{"footnotes":""},"class_list":["post-17471","page","type-page","status-publish","hentry"],"_links":{"self":[{"href":"https:\/\/socgastro.org.br\/novo\/wp-json\/wp\/v2\/pages\/17471","targetHints":{"allow":["GET"]}}],"collection":[{"href":"https:\/\/socgastro.org.br\/novo\/wp-json\/wp\/v2\/pages"}],"about":[{"href":"https:\/\/socgastro.org.br\/novo\/wp-json\/wp\/v2\/types\/page"}],"author":[{"embeddable":true,"href":"https:\/\/socgastro.org.br\/novo\/wp-json\/wp\/v2\/users\/1"}],"replies":[{"embeddable":true,"href":"https:\/\/socgastro.org.br\/novo\/wp-json\/wp\/v2\/comments?post=17471"}],"version-history":[{"count":5,"href":"https:\/\/socgastro.org.br\/novo\/wp-json\/wp\/v2\/pages\/17471\/revisions"}],"predecessor-version":[{"id":17494,"href":"https:\/\/socgastro.org.br\/novo\/wp-json\/wp\/v2\/pages\/17471\/revisions\/17494"}],"up":[{"embeddable":true,"href":"https:\/\/socgastro.org.br\/novo\/wp-json\/wp\/v2\/pages\/2392"}],"wp:attachment":[{"href":"https:\/\/socgastro.org.br\/novo\/wp-json\/wp\/v2\/media?parent=17471"}],"curies":[{"name":"wp","href":"https:\/\/api.w.org\/{rel}","templated":true}]}}