{"id":16915,"date":"2023-06-21T12:45:26","date_gmt":"2023-06-21T12:45:26","guid":{"rendered":"https:\/\/socgastro.org.br\/novo\/?page_id=16915"},"modified":"2023-06-21T12:45:26","modified_gmt":"2023-06-21T12:45:26","slug":"ilha-do-governador","status":"publish","type":"page","link":"https:\/\/socgastro.org.br\/novo\/associados\/rio-de-janeiro\/ilha-do-governador\/","title":{"rendered":"Ilha do Governador"},"content":{"rendered":"<p>CAROLINE MENDON\u00c7A CAMARGO<\/p>\n<p>Gastroenterologia geral e Doen\u00e7a Inflamat\u00f3ria Intestinal<\/p>\n<p>Endere\u00e7o: Estrada do Gale\u00e3o, 1035 &#8211; sala 304, Jardim Guanabara, Rio de Janeiro<\/p>\n","protected":false},"excerpt":{"rendered":"<p>CAROLINE MENDON\u00c7A CAMARGO Gastroenterologia geral e Doen\u00e7a Inflamat\u00f3ria Intestinal Endere\u00e7o: Estrada do Gale\u00e3o, 1035 &#8211; sala 304, Jardim Guanabara, Rio [&hellip;]<\/p>\n","protected":false},"author":1,"featured_media":0,"parent":3252,"menu_order":0,"comment_status":"closed","ping_status":"closed","template":"","meta":{"footnotes":""},"class_list":["post-16915","page","type-page","status-publish","hentry"],"_links":{"self":[{"href":"https:\/\/socgastro.org.br\/novo\/wp-json\/wp\/v2\/pages\/16915","targetHints":{"allow":["GET"]}}],"collection":[{"href":"https:\/\/socgastro.org.br\/novo\/wp-json\/wp\/v2\/pages"}],"about":[{"href":"https:\/\/socgastro.org.br\/novo\/wp-json\/wp\/v2\/types\/page"}],"author":[{"embeddable":true,"href":"https:\/\/socgastro.org.br\/novo\/wp-json\/wp\/v2\/users\/1"}],"replies":[{"embeddable":true,"href":"https:\/\/socgastro.org.br\/novo\/wp-json\/wp\/v2\/comments?post=16915"}],"version-history":[{"count":1,"href":"https:\/\/socgastro.org.br\/novo\/wp-json\/wp\/v2\/pages\/16915\/revisions"}],"predecessor-version":[{"id":16917,"href":"https:\/\/socgastro.org.br\/novo\/wp-json\/wp\/v2\/pages\/16915\/revisions\/16917"}],"up":[{"embeddable":true,"href":"https:\/\/socgastro.org.br\/novo\/wp-json\/wp\/v2\/pages\/3252"}],"wp:attachment":[{"href":"https:\/\/socgastro.org.br\/novo\/wp-json\/wp\/v2\/media?parent=16915"}],"curies":[{"name":"wp","href":"https:\/\/api.w.org\/{rel}","templated":true}]}}