{"id":16634,"date":"2023-03-30T14:24:05","date_gmt":"2023-03-30T14:24:05","guid":{"rendered":"https:\/\/socgastro.org.br\/novo\/?page_id=16634"},"modified":"2025-05-06T11:04:12","modified_gmt":"2025-05-06T11:04:12","slug":"capitulo-sul-fluminense-da-agrj","status":"publish","type":"page","link":"https:\/\/socgastro.org.br\/novo\/capitulo-sul-fluminense-da-agrj\/","title":{"rendered":"Cap\u00edtulo Sul Fluminense da AGRJ"},"content":{"rendered":"<p><strong>Gest\u00e3o 2023\/2024<\/strong><\/p>\n<ul>\n<li><strong>presidente<\/strong> Dr. Raniery \u00c1vila de Oliveira<\/li>\n<li><strong>vice-presidente<\/strong> Dra Myrna Salles Mascarenhas M\u00e1ximo Jones<\/li>\n<li><strong>diretor cient\u00edfico<\/strong> Dr. Paulo Oliveira Braga<\/li>\n<li><strong>secret\u00e1rio<\/strong> Dr. Rodolfo Vasconcelos<\/li>\n<\/ul>\n<h3 class=\"trail-title\"><a href=\"https:\/\/socgastro.org.br\/novo\/2022\/11\/conheca-a-historia-do-capitulo-sul-fluminense-da-agrj\/\">Conhe\u00e7a a hist\u00f3ria do Cap\u00edtulo Sul Fluminense da AGRJ<\/a><\/h3>\n<p>\u00daLTIMAS ATIVIDADES REALIZADAS:<\/p>\n<ul>\n<li><a href=\"https:\/\/socgastro.org.br\/novo\/2025\/05\/saiba-como-foi-a-reuniao-do-capitulo-sul-fluminense-da-agrj-sobre-dor-abdominal-uma-visao-multidisciplinar\/\">Saiba como foi a reuni\u00e3o do Cap\u00edtulo Sul-Fluminense da AGRJ sobre Dor abdominal: uma vis\u00e3o multidisciplinar<\/a><\/li>\n<li><a href=\"https:\/\/socgastro.org.br\/novo\/2025\/03\/veja-como-foi-reuniao-cientifica-do-capitulo-sul-fluminense-da-agrj-sobre-cancer-colorretal\/\">Veja como foi reuni\u00e3o cient\u00edfica do Cap\u00edtulo Sul-Fluminense da AGRJ sobre c\u00e2ncer colorretal<\/a><\/li>\n<li><a href=\"https:\/\/socgastro.org.br\/novo\/2023\/08\/saiba-como-foi-a-reuniao-de-agosto-do-capitulo-sul-fluminense-da-agrj\/\">Saiba como foi a reuni\u00e3o de agosto do Cap\u00edtulo Sul Fluminense da AGRJ<\/a><\/li>\n<li><a href=\"https:\/\/socgastro.org.br\/novo\/2023\/06\/1o-simposio-de-oncologia-gastrointestinal-do-sul-fluminense-ocorre-em-setembro\/\">1\u00ba Simp\u00f3sio de Oncologia Gastrointestinal do Sul Fluminense ocorre em setembro<\/a><\/li>\n<li><a href=\"https:\/\/socgastro.org.br\/novo\/2023\/06\/i-simposio-de-ligas-academicas-de-gastroenterologia-rio-minas-acontece-em-agosto\/\">I Simp\u00f3sio de Ligas Acad\u00eamicas de Gastroenterologia Rio-Minas acontece em agosto<\/a><\/li>\n<li><a href=\"https:\/\/socgastro.org.br\/novo\/2023\/06\/capitulo-sul-fluminense-da-agrj-realiza-reuniao-cientifica-com-palestra-da-dra-maria-do-carmo-friche-passos\/\">Cap\u00edtulo Sul Fluminense da AGRJ realiza reuni\u00e3o cient\u00edfica com palestra da Dra. Maria do Carmo Friche Passos<\/a><\/li>\n<li><a href=\"https:\/\/socgastro.org.br\/novo\/2023\/05\/capitulo-sul-fluminense-da-agrj-realiza-reuniao-cientifica-abordando-maio-roxo\/\" target=\"_blank\" rel=\"noopener\">Cap\u00edtulo Sul Fluminense da AGRJ realiza reuni\u00e3o cient\u00edfica abordando Maio Roxo<\/a><\/li>\n<li><a href=\"https:\/\/socgastro.org.br\/novo\/2023\/03\/capitulo-sul-fluminense-da-agrj-realiza-reuniao-cientifica-abordando-marco-azul\/\">Cap\u00edtulo Sul Fluminense da AGRJ realiza reuni\u00e3o cient\u00edfica abordando Mar\u00e7o Azul<\/a><\/li>\n<\/ul>\n","protected":false},"excerpt":{"rendered":"<p>Gest\u00e3o 2023\/2024 presidente Dr. Raniery \u00c1vila de Oliveira vice-presidente Dra Myrna Salles Mascarenhas M\u00e1ximo Jones diretor cient\u00edfico Dr. Paulo Oliveira [&hellip;]<\/p>\n","protected":false},"author":1,"featured_media":0,"parent":0,"menu_order":0,"comment_status":"closed","ping_status":"closed","template":"","meta":{"footnotes":""},"class_list":["post-16634","page","type-page","status-publish","hentry"],"_links":{"self":[{"href":"https:\/\/socgastro.org.br\/novo\/wp-json\/wp\/v2\/pages\/16634","targetHints":{"allow":["GET"]}}],"collection":[{"href":"https:\/\/socgastro.org.br\/novo\/wp-json\/wp\/v2\/pages"}],"about":[{"href":"https:\/\/socgastro.org.br\/novo\/wp-json\/wp\/v2\/types\/page"}],"author":[{"embeddable":true,"href":"https:\/\/socgastro.org.br\/novo\/wp-json\/wp\/v2\/users\/1"}],"replies":[{"embeddable":true,"href":"https:\/\/socgastro.org.br\/novo\/wp-json\/wp\/v2\/comments?post=16634"}],"version-history":[{"count":9,"href":"https:\/\/socgastro.org.br\/novo\/wp-json\/wp\/v2\/pages\/16634\/revisions"}],"predecessor-version":[{"id":17968,"href":"https:\/\/socgastro.org.br\/novo\/wp-json\/wp\/v2\/pages\/16634\/revisions\/17968"}],"wp:attachment":[{"href":"https:\/\/socgastro.org.br\/novo\/wp-json\/wp\/v2\/media?parent=16634"}],"curies":[{"name":"wp","href":"https:\/\/api.w.org\/{rel}","templated":true}]}}