{"id":15,"date":"2016-01-22T11:15:55","date_gmt":"2016-01-22T11:15:55","guid":{"rendered":"http:\/\/socgastro.org.br\/novo\/?page_id=15"},"modified":"2019-02-21T11:11:12","modified_gmt":"2019-02-21T11:11:12","slug":"associe-se","status":"publish","type":"page","link":"https:\/\/socgastro.org.br\/novo\/associe-se\/","title":{"rendered":"Associe-se"},"content":{"rendered":"\n<div class=\"wpcf7 no-js\" id=\"wpcf7-f44-o1\" lang=\"pt-BR\" dir=\"ltr\" data-wpcf7-id=\"44\">\n<div class=\"screen-reader-response\"><p role=\"status\" aria-live=\"polite\" aria-atomic=\"true\"><\/p> <ul><\/ul><\/div>\n<form action=\"\/novo\/wp-json\/wp\/v2\/pages\/15#wpcf7-f44-o1\" method=\"post\" class=\"wpcf7-form init\" aria-label=\"Formul\u00e1rios de contato\" enctype=\"multipart\/form-data\" novalidate=\"novalidate\" data-status=\"init\">\n<fieldset class=\"hidden-fields-container\"><input type=\"hidden\" name=\"_wpcf7\" value=\"44\" \/><input type=\"hidden\" name=\"_wpcf7_version\" value=\"6.1.5\" \/><input type=\"hidden\" name=\"_wpcf7_locale\" value=\"pt_BR\" \/><input type=\"hidden\" name=\"_wpcf7_unit_tag\" value=\"wpcf7-f44-o1\" \/><input type=\"hidden\" name=\"_wpcf7_container_post\" value=\"0\" \/><input type=\"hidden\" name=\"_wpcf7_posted_data_hash\" value=\"\" \/>\n<\/fieldset>\n<p>Nome\n<\/p>\n<p><span class=\"wpcf7-form-control-wrap\" data-name=\"your-name\"><input size=\"40\" maxlength=\"400\" class=\"wpcf7-form-control wpcf7-text wpcf7-validates-as-required\" aria-required=\"true\" aria-invalid=\"false\" value=\"\" type=\"text\" name=\"your-name\" \/><\/span>\n<\/p>\n<p>Data de Nascimento\n<\/p>\n<p><span class=\"wpcf7-form-control-wrap\" data-name=\"data_nascimento\"><input size=\"40\" maxlength=\"400\" class=\"wpcf7-form-control wpcf7-text wpcf7-validates-as-required\" aria-required=\"true\" aria-invalid=\"false\" value=\"\" type=\"text\" name=\"data_nascimento\" \/><\/span>\n<\/p>\n<p>Naturalidade\n<\/p>\n<p><span class=\"wpcf7-form-control-wrap\" data-name=\"naturalidade\"><input size=\"40\" maxlength=\"400\" class=\"wpcf7-form-control wpcf7-text wpcf7-validates-as-required\" aria-required=\"true\" aria-invalid=\"false\" value=\"\" type=\"text\" name=\"naturalidade\" \/><\/span>\n<\/p>\n<p>E-mail\n<\/p>\n<p><span class=\"wpcf7-form-control-wrap\" data-name=\"your-email\"><input size=\"40\" maxlength=\"400\" class=\"wpcf7-form-control wpcf7-email wpcf7-validates-as-required wpcf7-text wpcf7-validates-as-email\" aria-required=\"true\" aria-invalid=\"false\" value=\"\" type=\"email\" name=\"your-email\" \/><\/span>\n<\/p>\n<p>CRM\n<\/p>\n<p><span class=\"wpcf7-form-control-wrap\" data-name=\"crm2\"><input size=\"40\" maxlength=\"400\" class=\"wpcf7-form-control wpcf7-text\" aria-invalid=\"false\" value=\"\" type=\"text\" name=\"crm2\" \/><\/span>\n<\/p>\n<p>CPF\n<\/p>\n<p><span class=\"wpcf7-form-control-wrap\" data-name=\"cpf\"><input size=\"40\" maxlength=\"400\" class=\"wpcf7-form-control wpcf7-text wpcf7-validates-as-required\" aria-required=\"true\" aria-invalid=\"false\" value=\"\" type=\"text\" name=\"cpf\" \/><\/span>\n<\/p>\n<p>Telefone fixo\n<\/p>\n<p><span class=\"wpcf7-form-control-wrap\" data-name=\"telefone_fixo\"><input size=\"40\" maxlength=\"400\" class=\"wpcf7-form-control wpcf7-text\" aria-invalid=\"false\" value=\"\" type=\"text\" name=\"telefone_fixo\" \/><\/span>\n<\/p>\n<p>Celular\n<\/p>\n<p><span class=\"wpcf7-form-control-wrap\" data-name=\"celular\"><input size=\"40\" maxlength=\"400\" class=\"wpcf7-form-control wpcf7-text wpcf7-validates-as-required\" aria-required=\"true\" aria-invalid=\"false\" value=\"\" type=\"text\" name=\"celular\" \/><\/span>\n<\/p>\n<p>Endere\u00e7o residencial\n<\/p>\n<p><span class=\"wpcf7-form-control-wrap\" data-name=\"endereco_residencial\"><input size=\"40\" maxlength=\"400\" class=\"wpcf7-form-control wpcf7-text wpcf7-validates-as-required\" aria-required=\"true\" aria-invalid=\"false\" value=\"\" type=\"text\" name=\"endereco_residencial\" \/><\/span>\n<\/p>\n<p>Bairro\n<\/p>\n<p><span class=\"wpcf7-form-control-wrap\" data-name=\"bairro_residencial\"><input size=\"40\" maxlength=\"400\" class=\"wpcf7-form-control wpcf7-text wpcf7-validates-as-required\" aria-required=\"true\" aria-invalid=\"false\" value=\"\" type=\"text\" name=\"bairro_residencial\" \/><\/span>\n<\/p>\n<p>Cidade\n<\/p>\n<p><span class=\"wpcf7-form-control-wrap\" data-name=\"cidade_residencial\"><input size=\"40\" maxlength=\"400\" class=\"wpcf7-form-control wpcf7-text wpcf7-validates-as-required\" aria-required=\"true\" aria-invalid=\"false\" value=\"\" type=\"text\" name=\"cidade_residencial\" \/><\/span>\n<\/p>\n<p>Estado\n<\/p>\n<p><span class=\"wpcf7-form-control-wrap\" data-name=\"estado_residencial\"><input size=\"40\" maxlength=\"400\" class=\"wpcf7-form-control wpcf7-text wpcf7-validates-as-required\" aria-required=\"true\" aria-invalid=\"false\" value=\"\" type=\"text\" name=\"estado_residencial\" \/><\/span>\n<\/p>\n<p>CEP\n<\/p>\n<p><span class=\"wpcf7-form-control-wrap\" data-name=\"cep_residencial\"><input size=\"40\" maxlength=\"400\" class=\"wpcf7-form-control wpcf7-text wpcf7-validates-as-required\" aria-required=\"true\" aria-invalid=\"false\" value=\"\" type=\"text\" name=\"cep_residencial\" \/><\/span>\n<\/p>\n<p>Endere\u00e7o do consult\u00f3rio\n<\/p>\n<p><span class=\"wpcf7-form-control-wrap\" data-name=\"endereco_consultorio\"><input size=\"40\" maxlength=\"400\" class=\"wpcf7-form-control wpcf7-text\" aria-invalid=\"false\" value=\"\" type=\"text\" name=\"endereco_consultorio\" \/><\/span>\n<\/p>\n<p>Bairro\n<\/p>\n<p><span class=\"wpcf7-form-control-wrap\" data-name=\"bairro_consultorio\"><input size=\"40\" maxlength=\"400\" class=\"wpcf7-form-control wpcf7-text\" aria-invalid=\"false\" value=\"\" type=\"text\" name=\"bairro_consultorio\" \/><\/span>\n<\/p>\n<p>Cidade\n<\/p>\n<p><span class=\"wpcf7-form-control-wrap\" data-name=\"cidade_consultorio\"><input size=\"40\" maxlength=\"400\" class=\"wpcf7-form-control wpcf7-text\" aria-invalid=\"false\" value=\"\" type=\"text\" name=\"cidade_consultorio\" \/><\/span>\n<\/p>\n<p>Estado\n<\/p>\n<p><span class=\"wpcf7-form-control-wrap\" data-name=\"estado_consultorio\"><input size=\"40\" maxlength=\"400\" class=\"wpcf7-form-control wpcf7-text\" aria-invalid=\"false\" value=\"\" type=\"text\" name=\"estado_consultorio\" \/><\/span>\n<\/p>\n<p>CEP\n<\/p>\n<p><span class=\"wpcf7-form-control-wrap\" data-name=\"cep_consultorio\"><input size=\"40\" maxlength=\"400\" class=\"wpcf7-form-control wpcf7-text\" aria-invalid=\"false\" value=\"\" type=\"text\" name=\"cep_consultorio\" \/><\/span>\n<\/p>\n<p>Telefone do consult\u00f3rio\n<\/p>\n<p><span class=\"wpcf7-form-control-wrap\" data-name=\"telefone_consultorio\"><input size=\"40\" maxlength=\"400\" class=\"wpcf7-form-control wpcf7-tel wpcf7-text wpcf7-validates-as-tel\" aria-invalid=\"false\" value=\"\" type=\"tel\" name=\"telefone_consultorio\" \/><\/span>\n<\/p>\n<p>Universidade e ano em que se formou\n<\/p>\n<p><span class=\"wpcf7-form-control-wrap\" data-name=\"formacao_universidade\"><textarea cols=\"40\" rows=\"10\" maxlength=\"2000\" class=\"wpcf7-form-control wpcf7-textarea wpcf7-validates-as-required\" aria-required=\"true\" aria-invalid=\"false\" name=\"formacao_universidade\"><\/textarea><\/span>\n<\/p>\n<p>Cursos de P\u00f3s-Gradua\u00e7\u00e3o\n<\/p>\n<p><span class=\"wpcf7-form-control-wrap\" data-name=\"cursos_pos_graduacao\"><textarea cols=\"40\" rows=\"10\" maxlength=\"2000\" class=\"wpcf7-form-control wpcf7-textarea\" aria-invalid=\"false\" name=\"cursos_pos_graduacao\"><\/textarea><\/span>\n<\/p>\n<p>Cursos de Gastroenterologia\n<\/p>\n<p><span class=\"wpcf7-form-control-wrap\" data-name=\"cursos_gastro\"><textarea cols=\"40\" rows=\"10\" maxlength=\"2000\" class=\"wpcf7-form-control wpcf7-textarea\" aria-invalid=\"false\" name=\"cursos_gastro\"><\/textarea><\/span>\n<\/p>\n<p>J\u00e1 frequentou servi\u00e7os de Gastroenterologia? Se sim, quais?\n<\/p>\n<p><span class=\"wpcf7-form-control-wrap\" data-name=\"servicos_gastro\"><textarea cols=\"40\" rows=\"10\" maxlength=\"2000\" class=\"wpcf7-form-control wpcf7-textarea wpcf7-validates-as-required\" aria-required=\"true\" aria-invalid=\"false\" name=\"servicos_gastro\"><\/textarea><\/span>\n<\/p>\n<p>Exerce ou j\u00e1 exerceu fun\u00e7\u00f5es de ensino m\u00e9dico? Se sim, onde e quando?\n<\/p>\n<p><span class=\"wpcf7-form-control-wrap\" data-name=\"ensino_medico\"><textarea cols=\"40\" rows=\"10\" maxlength=\"2000\" class=\"wpcf7-form-control wpcf7-textarea wpcf7-validates-as-required\" aria-required=\"true\" aria-invalid=\"false\" name=\"ensino_medico\"><\/textarea><\/span>\n<\/p>\n<p>Exerce ou j\u00e1 exerceu fun\u00e7\u00f5es de ensino m\u00e9dico? Se sim, onde e quando?\n<\/p>\n<p><span class=\"wpcf7-form-control-wrap\" data-name=\"ensino_medico\"><textarea cols=\"40\" rows=\"10\" maxlength=\"2000\" class=\"wpcf7-form-control wpcf7-textarea wpcf7-validates-as-required\" aria-required=\"true\" aria-invalid=\"false\" name=\"ensino_medico\"><\/textarea><\/span>\n<\/p>\n<p>H\u00e1 quantos anos se dedica \u00e0 especialidade?\n<\/p>\n<p><span class=\"wpcf7-form-control-wrap\" data-name=\"anos_especialidade\"><input size=\"40\" maxlength=\"400\" class=\"wpcf7-form-control wpcf7-text wpcf7-validates-as-required\" aria-required=\"true\" aria-invalid=\"false\" value=\"\" type=\"text\" name=\"anos_especialidade\" \/><\/span>\n<\/p>\n<p>Que porcentagem do tempo \u00e9 dedicada a ela?\n<\/p>\n<p><span class=\"wpcf7-form-control-wrap\" data-name=\"porcentagem_especialidade\"><input size=\"40\" maxlength=\"400\" class=\"wpcf7-form-control wpcf7-text wpcf7-validates-as-required\" aria-required=\"true\" aria-invalid=\"false\" value=\"\" type=\"text\" name=\"porcentagem_especialidade\" \/><\/span>\n<\/p>\n<p>Em que especialidade dedica o restante do seu tempo?\n<\/p>\n<p><span class=\"wpcf7-form-control-wrap\" data-name=\"especialidade_tempo_restante\"><input size=\"40\" maxlength=\"400\" class=\"wpcf7-form-control wpcf7-text wpcf7-validates-as-required\" aria-required=\"true\" aria-invalid=\"false\" value=\"\" type=\"text\" name=\"especialidade_tempo_restante\" \/><\/span>\n<\/p>\n<p>J\u00e1 realizou trabalhos de pesquisas? Se sim, cite-os\n<\/p>\n<p><span class=\"wpcf7-form-control-wrap\" data-name=\"pesquisa\"><textarea cols=\"40\" rows=\"10\" maxlength=\"2000\" class=\"wpcf7-form-control wpcf7-textarea wpcf7-validates-as-required\" aria-required=\"true\" aria-invalid=\"false\" name=\"pesquisa\"><\/textarea><\/span>\n<\/p>\n<p>Membro de outras sociedades m\u00e9dicas? Se sim, quais e que categorias\n<\/p>\n<p><span class=\"wpcf7-form-control-wrap\" data-name=\"sociedades_medicas\"><textarea cols=\"40\" rows=\"10\" maxlength=\"2000\" class=\"wpcf7-form-control wpcf7-textarea wpcf7-validates-as-required\" aria-required=\"true\" aria-invalid=\"false\" name=\"sociedades_medicas\"><\/textarea><\/span>\n<\/p>\n<p>Em que servi\u00e7o hospitalar trabalha e qual sua fun\u00e7\u00e3o?\n<\/p>\n<p><span class=\"wpcf7-form-control-wrap\" data-name=\"servico_funcao\"><textarea cols=\"40\" rows=\"10\" maxlength=\"2000\" class=\"wpcf7-form-control wpcf7-textarea wpcf7-validates-as-required\" aria-required=\"true\" aria-invalid=\"false\" name=\"servico_funcao\"><\/textarea><\/span>\n<\/p>\n<p>Trabalhos cient\u00edficos publicados\n<\/p>\n<p><span class=\"wpcf7-form-control-wrap\" data-name=\"trabalhos_cientificos\"><textarea cols=\"40\" rows=\"10\" maxlength=\"2000\" class=\"wpcf7-form-control wpcf7-textarea\" aria-invalid=\"false\" name=\"trabalhos_cientificos\"><\/textarea><\/span>\n<\/p>\n<p>Participa\u00e7\u00f5es em Congressos (congressista ou palestrante)\n<\/p>\n<p><span class=\"wpcf7-form-control-wrap\" data-name=\"participacoes_congresso\"><textarea cols=\"40\" rows=\"10\" maxlength=\"2000\" class=\"wpcf7-form-control wpcf7-textarea\" aria-invalid=\"false\" name=\"participacoes_congresso\"><\/textarea><\/span>\n<\/p>\n<p>\u00c1reas de interesses na Gastroenterologia (m\u00e9todos complementares, endoscopia, hepatologia, cirurgia, proctologia, etc.)\n<\/p>\n<p><span class=\"wpcf7-form-control-wrap\" data-name=\"areas_interesse\"><textarea cols=\"40\" rows=\"10\" maxlength=\"2000\" class=\"wpcf7-form-control wpcf7-textarea\" aria-invalid=\"false\" name=\"areas_interesse\"><\/textarea><\/span>\n<\/p>\n<p><b>PROPONENTE:<\/b>\n<\/p>\n<p>De acordo com os estatutos, s\u00e3o proponentes somente os Membros Titulares. Os s\u00f3cios s\u00e3o propostos para Membro Associado por 3 Membros Titulares, para Membro Correspondente por 10 Membros Titulares e para Membro Honor\u00e1rio e Em\u00e9rito por 20 Membros Titulares, devendo as assinaturas nestes \u00faltimos casos, serem feitas em papel anexo. As propostas para Membro Titular, dever\u00e3o obedecer \u00e0s Normas da Federa\u00e7\u00e3o Brasileira de Gastroenterologia.\n<\/p>\n<p>Proponente 1\n<\/p>\n<p><span class=\"wpcf7-form-control-wrap\" data-name=\"proponente_1\"><input size=\"40\" maxlength=\"400\" class=\"wpcf7-form-control wpcf7-text wpcf7-validates-as-required\" aria-required=\"true\" aria-invalid=\"false\" value=\"\" type=\"text\" name=\"proponente_1\" \/><\/span>\n<\/p>\n<p>Proponente 2\n<\/p>\n<p><span class=\"wpcf7-form-control-wrap\" data-name=\"proponente_2\"><input size=\"40\" maxlength=\"400\" class=\"wpcf7-form-control wpcf7-text wpcf7-validates-as-required\" aria-required=\"true\" aria-invalid=\"false\" value=\"\" type=\"text\" name=\"proponente_2\" \/><\/span>\n<\/p>\n<p>Membro\n<\/p>\n<p><span class=\"wpcf7-form-control-wrap\" data-name=\"associacao_tipo\"><span class=\"wpcf7-form-control wpcf7-radio\"><span class=\"wpcf7-list-item first\"><input type=\"radio\" name=\"associacao_tipo\" value=\"Efetivo\" \/><span class=\"wpcf7-list-item-label\">Efetivo<\/span><\/span><span class=\"wpcf7-list-item last\"><input type=\"radio\" name=\"associacao_tipo\" value=\"Aspirante\" \/><span class=\"wpcf7-list-item-label\">Aspirante<\/span><\/span><\/span><\/span>\n<\/p>\n<p>Envio de CRM\n<\/p>\n<p><span class=\"wpcf7-form-control-wrap\" data-name=\"crm\"><input size=\"40\" class=\"wpcf7-form-control wpcf7-file wpcf7-validates-as-required\" accept=\".pdf,.jpg\" aria-required=\"true\" aria-invalid=\"false\" type=\"file\" name=\"crm\" \/><\/span>\n<\/p>\n<p>Envio de Diploma M\u00e9dico\n<\/p>\n<p><span class=\"wpcf7-form-control-wrap\" data-name=\"diploma_medico\"><input size=\"40\" class=\"wpcf7-form-control wpcf7-file wpcf7-validates-as-required\" accept=\".pdf,.jpg\" aria-required=\"true\" aria-invalid=\"false\" type=\"file\" name=\"diploma_medico\" \/><\/span>\n<\/p>\n<p>Envio de Diploma de Especializa\u00e7\u00e3o, Resid\u00eancia ou P\u00f3s-Gradua\u00e7\u00e3o em Gastroenterologia\n<\/p>\n<p><span class=\"wpcf7-form-control-wrap\" data-name=\"diploma_especialista\"><input size=\"40\" class=\"wpcf7-form-control wpcf7-file wpcf7-validates-as-required\" accept=\".pdf,.jpg\" aria-required=\"true\" aria-invalid=\"false\" type=\"file\" name=\"diploma_especialista\" \/><\/span>\n<\/p>\n<p><input class=\"wpcf7-form-control wpcf7-submit has-spinner\" type=\"submit\" value=\"Enviar\" \/>\n<\/p><div class=\"wpcf7-response-output\" aria-hidden=\"true\"><\/div>\n<\/form>\n<\/div>\n\n","protected":false},"excerpt":{"rendered":"","protected":false},"author":1,"featured_media":0,"parent":0,"menu_order":0,"comment_status":"closed","ping_status":"closed","template":"","meta":{"footnotes":""},"class_list":["post-15","page","type-page","status-publish","hentry"],"_links":{"self":[{"href":"https:\/\/socgastro.org.br\/novo\/wp-json\/wp\/v2\/pages\/15","targetHints":{"allow":["GET"]}}],"collection":[{"href":"https:\/\/socgastro.org.br\/novo\/wp-json\/wp\/v2\/pages"}],"about":[{"href":"https:\/\/socgastro.org.br\/novo\/wp-json\/wp\/v2\/types\/page"}],"author":[{"embeddable":true,"href":"https:\/\/socgastro.org.br\/novo\/wp-json\/wp\/v2\/users\/1"}],"replies":[{"embeddable":true,"href":"https:\/\/socgastro.org.br\/novo\/wp-json\/wp\/v2\/comments?post=15"}],"version-history":[{"count":2,"href":"https:\/\/socgastro.org.br\/novo\/wp-json\/wp\/v2\/pages\/15\/revisions"}],"predecessor-version":[{"id":109,"href":"https:\/\/socgastro.org.br\/novo\/wp-json\/wp\/v2\/pages\/15\/revisions\/109"}],"wp:attachment":[{"href":"https:\/\/socgastro.org.br\/novo\/wp-json\/wp\/v2\/media?parent=15"}],"curies":[{"name":"wp","href":"https:\/\/api.w.org\/{rel}","templated":true}]}}